{"id":983,"date":"2024-05-21T05:34:14","date_gmt":"2024-05-21T05:34:14","guid":{"rendered":"https:\/\/www.vueloalmundo.com\/?page_id=983"},"modified":"2024-05-21T06:03:09","modified_gmt":"2024-05-21T06:03:09","slug":"airport","status":"publish","type":"page","link":"https:\/\/www.vueloalmundo.com\/es\/airport\/","title":{"rendered":"Aeropuerto"},"content":{"rendered":"<div data-elementor-type=\"wp-page\" data-elementor-id=\"983\" class=\"elementor elementor-983\" data-elementor-post-type=\"page\">\n\t\t\t\t\t\t<section class=\"elementor-section elementor-top-section elementor-element elementor-element-00a009a elementor-section-boxed elementor-section-height-default elementor-section-height-default\" data-id=\"00a009a\" data-element_type=\"section\">\n\t\t\t\t\t\t<div class=\"elementor-container elementor-column-gap-default\">\n\t\t\t\t\t<div class=\"elementor-column elementor-col-100 elementor-top-column elementor-element elementor-element-3688b34\" data-id=\"3688b34\" data-element_type=\"column\">\n\t\t\t<div class=\"elementor-widget-wrap elementor-element-populated\">\n\t\t\t\t\t\t<div class=\"elementor-element elementor-element-cbb24e8 PrivacyPolicy elementor-widget elementor-widget-text-editor\" data-id=\"cbb24e8\" data-element_type=\"widget\" data-widget_type=\"text-editor.default\">\n\t\t\t\t\t\t\t\t\t<h2><span style=\"color: #000000;\"><b>Aeropuerto<br \/><\/b><\/span><\/h2><p>Los aeropuertos suelen estar llenos de actividades, son las puertas de entrada que conectan a personas de todo el mundo. Son muy importantes ya que brindan la oportunidad de nuevos destinos ya sea que viaje por negocios o por placer. Los aeropuertos est\u00e1n construidos para procesar grandes cantidades de pasajeros y carga, que son fundamentales para brindar los servicios necesarios para garantizar que los viajes a\u00e9reos sean fluidos y seguros.<\/p><p>En el aeropuerto podr\u00e1 utilizar los servicios proporcionados para que su viaje sea c\u00f3modo para usted. Esto incluye restaurantes, cafeter\u00edas y tiendas en las que podr\u00e1 relajarse e incluso tomar un refrigerio o un art\u00edculo de \u00faltima hora. Adem\u00e1s de las salas VIP que le brindan la oportunidad de relajarse en un ambiente m\u00e1s relajado, muchos aeropuertos tambi\u00e9n ofrecen beneficios adicionales como Wi-Fi gratis, comida y asientos c\u00f3modos.<\/p><p>La seguridad de los aeropuertos es de suma importancia. Los pasajeros se someten a controles de seguridad en los que deben quitarse las chaquetas, los cinturones y los zapatos para ser inspeccionados. Estos procedimientos son importantes y, por lo tanto, es recomendable llegar temprano para asegurarse de tener suficiente tiempo. Por lo general, los aeropuertos cuentan con se\u00f1alizaci\u00f3n que se explica por s\u00ed misma y personal servicial que le guiar\u00e1 a trav\u00e9s de los procedimientos.<\/p><p>Los aeropuertos tambi\u00e9n tienen una variedad de opciones de transporte, desde y hacia los aeropuertos. Estos medios de transporte podr\u00edan incluir taxis, autobuses, lanzaderas y, en ocasiones, trenes. La mayor\u00eda de los aeropuertos cuentan con servicios de alquiler de autom\u00f3viles que est\u00e1n listos para usted una vez que llega, lo que le permite comenzar el viaje inmediatamente despu\u00e9s de aterrizar.<\/p><p>El aeropuerto est\u00e1 dise\u00f1ado especialmente para aquellos viajeros con necesidades especiales, que cuentan con servicios de accesibilidad. Estos pueden ser asistencia para sillas de ruedas, \u00e1reas para asientos designados y ba\u00f1os accesibles. Ser proactivo e informar a tu aerol\u00ednea o al aeropuerto con antelaci\u00f3n es mejor ya que garantiza un proceso sin complicaciones.<\/p><p>Los aeropuertos se pueden encontrar tanto en viajes nuevos como en el regreso a casa, ya que existen para ayudarle a viajar.<\/p><h2><span style=\"color: #000000;\"><b>\u00a0<\/b><\/span><\/h2>\t\t\t\t\t\t\t\t<\/div>\n\t\t\t\t\t<\/div>\n\t\t<\/div>\n\t\t\t\t\t<\/div>\n\t\t<\/section>\n\t\t\t\t<\/div>","protected":false},"excerpt":{"rendered":"<p>Airport Airports are often bustling with activities, they are the gateways that link people from all over the globe. They [&hellip;]<\/p>","protected":false},"author":1,"featured_media":0,"parent":0,"menu_order":0,"comment_status":"closed","ping_status":"closed","template":"elementor_header_footer","meta":{"site-sidebar-layout":"no-sidebar","site-content-layout":"","ast-site-content-layout":"full-width-container","site-content-style":"default","site-sidebar-style":"default","ast-global-header-display":"","ast-banner-title-visibility":"","ast-main-header-display":"","ast-hfb-above-header-display":"","ast-hfb-below-header-display":"","ast-hfb-mobile-header-display":"","site-post-title":"disabled","ast-breadcrumbs-content":"","ast-featured-img":"disabled","footer-sml-layout":"","theme-transparent-header-meta":"default","adv-header-id-meta":"","stick-header-meta":"","header-above-stick-meta":"","header-main-stick-meta":"","header-below-stick-meta":"","astra-migrate-meta-layouts":"set","ast-page-background-enabled":"default","ast-page-background-meta":{"desktop":{"background-color":"var(--ast-global-color-4)","background-image":"","background-repeat":"repeat","background-position":"center center","background-size":"auto","background-attachment":"scroll","background-type":"","background-media":"","overlay-type":"","overlay-color":"","overlay-opacity":"","overlay-gradient":""},"tablet":{"background-color":"","background-image":"","background-repeat":"repeat","background-position":"center center","background-size":"auto","background-attachment":"scroll","background-type":"","background-media":"","overlay-type":"","overlay-color":"","overlay-opacity":"","overlay-gradient":""},"mobile":{"background-color":"","background-image":"","background-repeat":"repeat","background-position":"center center","background-size":"auto","background-attachment":"scroll","background-type":"","background-media":"","overlay-type":"","overlay-color":"","overlay-opacity":"","overlay-gradient":""}},"ast-content-background-meta":{"desktop":{"background-color":"var(--ast-global-color-5)","background-image":"","background-repeat":"repeat","background-position":"center center","background-size":"auto","background-attachment":"scroll","background-type":"","background-media":"","overlay-type":"","overlay-color":"","overlay-opacity":"","overlay-gradient":""},"tablet":{"background-color":"var(--ast-global-color-5)","background-image":"","background-repeat":"repeat","background-position":"center center","background-size":"auto","background-attachment":"scroll","background-type":"","background-media":"","overlay-type":"","overlay-color":"","overlay-opacity":"","overlay-gradient":""},"mobile":{"background-color":"var(--ast-global-color-5)","background-image":"","background-repeat":"repeat","background-position":"center center","background-size":"auto","background-attachment":"scroll","background-type":"","background-media":"","overlay-type":"","overlay-color":"","overlay-opacity":"","overlay-gradient":""}},"footnotes":""},"class_list":["post-983","page","type-page","status-publish","hentry"],"yoast_head":"<!-- This site is optimized with the Yoast SEO plugin v25.1 - https:\/\/yoast.com\/wordpress\/plugins\/seo\/ -->\n<title>Airport - vueloalmundo<\/title>\n<meta name=\"robots\" content=\"index, follow, max-snippet:-1, max-image-preview:large, max-video-preview:-1\" \/>\n<link rel=\"canonical\" href=\"https:\/\/www.vueloalmundo.com\/es\/airport\/\" \/>\n<meta property=\"og:locale\" content=\"es_ES\" \/>\n<meta property=\"og:type\" content=\"article\" \/>\n<meta property=\"og:title\" content=\"Airport - vueloalmundo\" \/>\n<meta property=\"og:description\" content=\"Airport Airports are often bustling with activities, they are the gateways that link people from all over the globe. They [&hellip;]\" \/>\n<meta property=\"og:url\" content=\"https:\/\/www.vueloalmundo.com\/es\/airport\/\" \/>\n<meta property=\"og:site_name\" content=\"vueloalmundo\" \/>\n<meta property=\"article:modified_time\" content=\"2024-05-21T06:03:09+00:00\" \/>\n<meta name=\"twitter:card\" content=\"summary_large_image\" \/>\n<meta name=\"twitter:label1\" content=\"Tiempo de lectura\" \/>\n\t<meta name=\"twitter:data1\" content=\"2 minutos\" \/>\n<script type=\"application\/ld+json\" class=\"yoast-schema-graph\">{\"@context\":\"https:\/\/schema.org\",\"@graph\":[{\"@type\":\"WebPage\",\"@id\":\"https:\/\/www.vueloalmundo.com\/airport\/\",\"url\":\"https:\/\/www.vueloalmundo.com\/airport\/\",\"name\":\"Airport - vueloalmundo\",\"isPartOf\":{\"@id\":\"https:\/\/www.vueloalmundo.com\/es\/#website\"},\"datePublished\":\"2024-05-21T05:34:14+00:00\",\"dateModified\":\"2024-05-21T06:03:09+00:00\",\"breadcrumb\":{\"@id\":\"https:\/\/www.vueloalmundo.com\/airport\/#breadcrumb\"},\"inLanguage\":\"es\",\"potentialAction\":[{\"@type\":\"ReadAction\",\"target\":[\"https:\/\/www.vueloalmundo.com\/airport\/\"]}]},{\"@type\":\"BreadcrumbList\",\"@id\":\"https:\/\/www.vueloalmundo.com\/airport\/#breadcrumb\",\"itemListElement\":[{\"@type\":\"ListItem\",\"position\":1,\"name\":\"Home\",\"item\":\"https:\/\/www.vueloalmundo.com\/es\/\"},{\"@type\":\"ListItem\",\"position\":2,\"name\":\"Airport\"}]},{\"@type\":\"WebSite\",\"@id\":\"https:\/\/www.vueloalmundo.com\/es\/#website\",\"url\":\"https:\/\/www.vueloalmundo.com\/es\/\",\"name\":\"vueloalmundo\",\"description\":\"\",\"potentialAction\":[{\"@type\":\"SearchAction\",\"target\":{\"@type\":\"EntryPoint\",\"urlTemplate\":\"https:\/\/www.vueloalmundo.com\/es\/?s={search_term_string}\"},\"query-input\":{\"@type\":\"PropertyValueSpecification\",\"valueRequired\":true,\"valueName\":\"search_term_string\"}}],\"inLanguage\":\"es\"}]}<\/script>\n<!-- \/ Yoast SEO plugin. -->","yoast_head_json":{"title":"Airport - vueloalmundo","robots":{"index":"index","follow":"follow","max-snippet":"max-snippet:-1","max-image-preview":"max-image-preview:large","max-video-preview":"max-video-preview:-1"},"canonical":"https:\/\/www.vueloalmundo.com\/es\/airport\/","og_locale":"es_ES","og_type":"article","og_title":"Airport - vueloalmundo","og_description":"Airport Airports are often bustling with activities, they are the gateways that link people from all over the globe. They [&hellip;]","og_url":"https:\/\/www.vueloalmundo.com\/es\/airport\/","og_site_name":"vueloalmundo","article_modified_time":"2024-05-21T06:03:09+00:00","twitter_card":"summary_large_image","twitter_misc":{"Tiempo de lectura":"2 minutos"},"schema":{"@context":"https:\/\/schema.org","@graph":[{"@type":"WebPage","@id":"https:\/\/www.vueloalmundo.com\/airport\/","url":"https:\/\/www.vueloalmundo.com\/airport\/","name":"Airport - vueloalmundo","isPartOf":{"@id":"https:\/\/www.vueloalmundo.com\/es\/#website"},"datePublished":"2024-05-21T05:34:14+00:00","dateModified":"2024-05-21T06:03:09+00:00","breadcrumb":{"@id":"https:\/\/www.vueloalmundo.com\/airport\/#breadcrumb"},"inLanguage":"es","potentialAction":[{"@type":"ReadAction","target":["https:\/\/www.vueloalmundo.com\/airport\/"]}]},{"@type":"BreadcrumbList","@id":"https:\/\/www.vueloalmundo.com\/airport\/#breadcrumb","itemListElement":[{"@type":"ListItem","position":1,"name":"Home","item":"https:\/\/www.vueloalmundo.com\/es\/"},{"@type":"ListItem","position":2,"name":"Airport"}]},{"@type":"WebSite","@id":"https:\/\/www.vueloalmundo.com\/es\/#website","url":"https:\/\/www.vueloalmundo.com\/es\/","name":"vueloalmundo","description":"","potentialAction":[{"@type":"SearchAction","target":{"@type":"EntryPoint","urlTemplate":"https:\/\/www.vueloalmundo.com\/es\/?s={search_term_string}"},"query-input":{"@type":"PropertyValueSpecification","valueRequired":true,"valueName":"search_term_string"}}],"inLanguage":"es"}]}},"_links":{"self":[{"href":"https:\/\/www.vueloalmundo.com\/es\/wp-json\/wp\/v2\/pages\/983","targetHints":{"allow":["GET"]}}],"collection":[{"href":"https:\/\/www.vueloalmundo.com\/es\/wp-json\/wp\/v2\/pages"}],"about":[{"href":"https:\/\/www.vueloalmundo.com\/es\/wp-json\/wp\/v2\/types\/page"}],"author":[{"embeddable":true,"href":"https:\/\/www.vueloalmundo.com\/es\/wp-json\/wp\/v2\/users\/1"}],"replies":[{"embeddable":true,"href":"https:\/\/www.vueloalmundo.com\/es\/wp-json\/wp\/v2\/comments?post=983"}],"version-history":[{"count":10,"href":"https:\/\/www.vueloalmundo.com\/es\/wp-json\/wp\/v2\/pages\/983\/revisions"}],"predecessor-version":[{"id":998,"href":"https:\/\/www.vueloalmundo.com\/es\/wp-json\/wp\/v2\/pages\/983\/revisions\/998"}],"wp:attachment":[{"href":"https:\/\/www.vueloalmundo.com\/es\/wp-json\/wp\/v2\/media?parent=983"}],"curies":[{"name":"wp","href":"https:\/\/api.w.org\/{rel}","templated":true}]}}