{"id":978,"date":"2024-05-21T04:43:31","date_gmt":"2024-05-21T04:43:31","guid":{"rendered":"https:\/\/www.vueloalmundo.com\/?page_id=978"},"modified":"2024-05-21T04:44:38","modified_gmt":"2024-05-21T04:44:38","slug":"flight-booking","status":"publish","type":"page","link":"https:\/\/www.vueloalmundo.com\/es\/flight-booking\/","title":{"rendered":"Reserva de vuelo"},"content":{"rendered":"<div data-elementor-type=\"wp-page\" data-elementor-id=\"978\" class=\"elementor elementor-978\" data-elementor-post-type=\"page\">\n\t\t\t\t\t\t<section class=\"elementor-section elementor-top-section elementor-element elementor-element-00a009a elementor-section-boxed elementor-section-height-default elementor-section-height-default\" data-id=\"00a009a\" data-element_type=\"section\">\n\t\t\t\t\t\t<div class=\"elementor-container elementor-column-gap-default\">\n\t\t\t\t\t<div class=\"elementor-column elementor-col-100 elementor-top-column elementor-element elementor-element-3688b34\" data-id=\"3688b34\" data-element_type=\"column\">\n\t\t\t<div class=\"elementor-widget-wrap elementor-element-populated\">\n\t\t\t\t\t\t<div class=\"elementor-element elementor-element-cbb24e8 PrivacyPolicy elementor-widget elementor-widget-text-editor\" data-id=\"cbb24e8\" data-element_type=\"widget\" data-widget_type=\"text-editor.default\">\n\t\t\t\t\t\t\t\t\t<h2><span style=\"color: #000000;\"><b>Reserva de vuelo<\/b><\/span><\/h2><p>Vueloalmundo es la plataforma de reserva de vuelos m\u00e1s f\u00e1cil de usar que existe. La plataforma que hemos creado tiene como objetivo simplificarle el proceso de reserva y garantizar que se desarrolle sin problemas. Ya sea que sea un viajero experimentado o nuevo en el juego, estamos aqu\u00ed para ayudarlo durante el proceso de una manera conveniente y sin estr\u00e9s.<\/p><p>Primero, deber\u00e1 ir a nuestro sitio web e ingresar la informaci\u00f3n de su viaje. Nuestro s\u00f3lido motor de b\u00fasqueda escanear\u00e1 r\u00e1pidamente los horarios de vuelos de varias aerol\u00edneas, brind\u00e1ndole una lista completa de las opciones disponibles. Puede consultar los costos, horarios y duraciones de los vuelos para identificar el vuelo que m\u00e1s le convenga en t\u00e9rminos de horario y presupuesto.<\/p><p>Una de las principales caracter\u00edsticas de Vueloalmundo es la transparencia. Te damos todos los detalles para que te decidas. Se le informar\u00e1n las pol\u00edticas de equipaje o las comodidades a bordo y usted las conocer\u00e1 antes de reservar su billete. Adem\u00e1s, tambi\u00e9n somos claros en nuestros precios y no hay tarifas ocultas ni cargos inesperados.<\/p><p>Reconocemos que los planes de viaje sufrir\u00e1n cambios impredecibles, por lo que hemos hecho posible reservar de manera flexible. En caso de que tengas que realizar cambios en tu viaje, nuestro equipo de atenci\u00f3n al cliente siempre est\u00e1 disponible para ayudarte las 24 horas. Nuestro objetivo es hacer que la experiencia sea lo m\u00e1s f\u00e1cil posible, para que usted pueda relajarse y disfrutar de su escapada.<\/p><p>La satisfacci\u00f3n del cliente es nuestra principal prioridad y es nuestra pasi\u00f3n brindar el mejor servicio a nuestros clientes. Creemos que reservar un vuelo debe ser una parte aventurera de su experiencia de viaje, no angustiosa.<\/p><p>Entonces, \u00bfpor qu\u00e9 esperar? Reserva tu vuelo ahora y emb\u00e1rcate en el viaje de tu vida con Vueloalmundo.<\/p><p>\u00a0<\/p>\t\t\t\t\t\t\t\t<\/div>\n\t\t\t\t\t<\/div>\n\t\t<\/div>\n\t\t\t\t\t<\/div>\n\t\t<\/section>\n\t\t\t\t<\/div>","protected":false},"excerpt":{"rendered":"<p>Flight Booking Vueloalmundo is the most user-friendly flight booking platform ever. The platform that we have created aims to simplify [&hellip;]<\/p>","protected":false},"author":1,"featured_media":0,"parent":0,"menu_order":0,"comment_status":"closed","ping_status":"closed","template":"elementor_header_footer","meta":{"site-sidebar-layout":"no-sidebar","site-content-layout":"","ast-site-content-layout":"full-width-container","site-content-style":"default","site-sidebar-style":"default","ast-global-header-display":"","ast-banner-title-visibility":"","ast-main-header-display":"","ast-hfb-above-header-display":"","ast-hfb-below-header-display":"","ast-hfb-mobile-header-display":"","site-post-title":"disabled","ast-breadcrumbs-content":"","ast-featured-img":"disabled","footer-sml-layout":"","theme-transparent-header-meta":"default","adv-header-id-meta":"","stick-header-meta":"","header-above-stick-meta":"","header-main-stick-meta":"","header-below-stick-meta":"","astra-migrate-meta-layouts":"set","ast-page-background-enabled":"default","ast-page-background-meta":{"desktop":{"background-color":"var(--ast-global-color-4)","background-image":"","background-repeat":"repeat","background-position":"center center","background-size":"auto","background-attachment":"scroll","background-type":"","background-media":"","overlay-type":"","overlay-color":"","overlay-opacity":"","overlay-gradient":""},"tablet":{"background-color":"","background-image":"","background-repeat":"repeat","background-position":"center center","background-size":"auto","background-attachment":"scroll","background-type":"","background-media":"","overlay-type":"","overlay-color":"","overlay-opacity":"","overlay-gradient":""},"mobile":{"background-color":"","background-image":"","background-repeat":"repeat","background-position":"center center","background-size":"auto","background-attachment":"scroll","background-type":"","background-media":"","overlay-type":"","overlay-color":"","overlay-opacity":"","overlay-gradient":""}},"ast-content-background-meta":{"desktop":{"background-color":"var(--ast-global-color-5)","background-image":"","background-repeat":"repeat","background-position":"center center","background-size":"auto","background-attachment":"scroll","background-type":"","background-media":"","overlay-type":"","overlay-color":"","overlay-opacity":"","overlay-gradient":""},"tablet":{"background-color":"var(--ast-global-color-5)","background-image":"","background-repeat":"repeat","background-position":"center center","background-size":"auto","background-attachment":"scroll","background-type":"","background-media":"","overlay-type":"","overlay-color":"","overlay-opacity":"","overlay-gradient":""},"mobile":{"background-color":"var(--ast-global-color-5)","background-image":"","background-repeat":"repeat","background-position":"center center","background-size":"auto","background-attachment":"scroll","background-type":"","background-media":"","overlay-type":"","overlay-color":"","overlay-opacity":"","overlay-gradient":""}},"footnotes":""},"class_list":["post-978","page","type-page","status-publish","hentry"],"yoast_head":"<!-- This site is optimized with the Yoast SEO plugin v25.1 - https:\/\/yoast.com\/wordpress\/plugins\/seo\/ -->\n<title>Flight Booking - vueloalmundo<\/title>\n<meta name=\"robots\" content=\"index, follow, max-snippet:-1, max-image-preview:large, max-video-preview:-1\" \/>\n<link rel=\"canonical\" href=\"https:\/\/www.vueloalmundo.com\/es\/flight-booking\/\" \/>\n<meta property=\"og:locale\" content=\"es_ES\" \/>\n<meta property=\"og:type\" content=\"article\" \/>\n<meta property=\"og:title\" content=\"Flight Booking - vueloalmundo\" \/>\n<meta property=\"og:description\" content=\"Flight Booking Vueloalmundo is the most user-friendly flight booking platform ever. The platform that we have created aims to simplify [&hellip;]\" \/>\n<meta property=\"og:url\" content=\"https:\/\/www.vueloalmundo.com\/es\/flight-booking\/\" \/>\n<meta property=\"og:site_name\" content=\"vueloalmundo\" \/>\n<meta property=\"article:modified_time\" content=\"2024-05-21T04:44:38+00:00\" \/>\n<meta name=\"twitter:card\" content=\"summary_large_image\" \/>\n<meta name=\"twitter:label1\" content=\"Tiempo de lectura\" \/>\n\t<meta name=\"twitter:data1\" content=\"2 minutos\" \/>\n<script type=\"application\/ld+json\" class=\"yoast-schema-graph\">{\"@context\":\"https:\/\/schema.org\",\"@graph\":[{\"@type\":\"WebPage\",\"@id\":\"https:\/\/www.vueloalmundo.com\/flight-booking\/\",\"url\":\"https:\/\/www.vueloalmundo.com\/flight-booking\/\",\"name\":\"Flight Booking - vueloalmundo\",\"isPartOf\":{\"@id\":\"https:\/\/www.vueloalmundo.com\/es\/#website\"},\"datePublished\":\"2024-05-21T04:43:31+00:00\",\"dateModified\":\"2024-05-21T04:44:38+00:00\",\"breadcrumb\":{\"@id\":\"https:\/\/www.vueloalmundo.com\/flight-booking\/#breadcrumb\"},\"inLanguage\":\"es\",\"potentialAction\":[{\"@type\":\"ReadAction\",\"target\":[\"https:\/\/www.vueloalmundo.com\/flight-booking\/\"]}]},{\"@type\":\"BreadcrumbList\",\"@id\":\"https:\/\/www.vueloalmundo.com\/flight-booking\/#breadcrumb\",\"itemListElement\":[{\"@type\":\"ListItem\",\"position\":1,\"name\":\"Home\",\"item\":\"https:\/\/www.vueloalmundo.com\/es\/\"},{\"@type\":\"ListItem\",\"position\":2,\"name\":\"Flight Booking\"}]},{\"@type\":\"WebSite\",\"@id\":\"https:\/\/www.vueloalmundo.com\/es\/#website\",\"url\":\"https:\/\/www.vueloalmundo.com\/es\/\",\"name\":\"vueloalmundo\",\"description\":\"\",\"potentialAction\":[{\"@type\":\"SearchAction\",\"target\":{\"@type\":\"EntryPoint\",\"urlTemplate\":\"https:\/\/www.vueloalmundo.com\/es\/?s={search_term_string}\"},\"query-input\":{\"@type\":\"PropertyValueSpecification\",\"valueRequired\":true,\"valueName\":\"search_term_string\"}}],\"inLanguage\":\"es\"}]}<\/script>\n<!-- \/ Yoast SEO plugin. -->","yoast_head_json":{"title":"Flight Booking - vueloalmundo","robots":{"index":"index","follow":"follow","max-snippet":"max-snippet:-1","max-image-preview":"max-image-preview:large","max-video-preview":"max-video-preview:-1"},"canonical":"https:\/\/www.vueloalmundo.com\/es\/flight-booking\/","og_locale":"es_ES","og_type":"article","og_title":"Flight Booking - vueloalmundo","og_description":"Flight Booking Vueloalmundo is the most user-friendly flight booking platform ever. The platform that we have created aims to simplify [&hellip;]","og_url":"https:\/\/www.vueloalmundo.com\/es\/flight-booking\/","og_site_name":"vueloalmundo","article_modified_time":"2024-05-21T04:44:38+00:00","twitter_card":"summary_large_image","twitter_misc":{"Tiempo de lectura":"2 minutos"},"schema":{"@context":"https:\/\/schema.org","@graph":[{"@type":"WebPage","@id":"https:\/\/www.vueloalmundo.com\/flight-booking\/","url":"https:\/\/www.vueloalmundo.com\/flight-booking\/","name":"Flight Booking - vueloalmundo","isPartOf":{"@id":"https:\/\/www.vueloalmundo.com\/es\/#website"},"datePublished":"2024-05-21T04:43:31+00:00","dateModified":"2024-05-21T04:44:38+00:00","breadcrumb":{"@id":"https:\/\/www.vueloalmundo.com\/flight-booking\/#breadcrumb"},"inLanguage":"es","potentialAction":[{"@type":"ReadAction","target":["https:\/\/www.vueloalmundo.com\/flight-booking\/"]}]},{"@type":"BreadcrumbList","@id":"https:\/\/www.vueloalmundo.com\/flight-booking\/#breadcrumb","itemListElement":[{"@type":"ListItem","position":1,"name":"Home","item":"https:\/\/www.vueloalmundo.com\/es\/"},{"@type":"ListItem","position":2,"name":"Flight Booking"}]},{"@type":"WebSite","@id":"https:\/\/www.vueloalmundo.com\/es\/#website","url":"https:\/\/www.vueloalmundo.com\/es\/","name":"vueloalmundo","description":"","potentialAction":[{"@type":"SearchAction","target":{"@type":"EntryPoint","urlTemplate":"https:\/\/www.vueloalmundo.com\/es\/?s={search_term_string}"},"query-input":{"@type":"PropertyValueSpecification","valueRequired":true,"valueName":"search_term_string"}}],"inLanguage":"es"}]}},"_links":{"self":[{"href":"https:\/\/www.vueloalmundo.com\/es\/wp-json\/wp\/v2\/pages\/978","targetHints":{"allow":["GET"]}}],"collection":[{"href":"https:\/\/www.vueloalmundo.com\/es\/wp-json\/wp\/v2\/pages"}],"about":[{"href":"https:\/\/www.vueloalmundo.com\/es\/wp-json\/wp\/v2\/types\/page"}],"author":[{"embeddable":true,"href":"https:\/\/www.vueloalmundo.com\/es\/wp-json\/wp\/v2\/users\/1"}],"replies":[{"embeddable":true,"href":"https:\/\/www.vueloalmundo.com\/es\/wp-json\/wp\/v2\/comments?post=978"}],"version-history":[{"count":4,"href":"https:\/\/www.vueloalmundo.com\/es\/wp-json\/wp\/v2\/pages\/978\/revisions"}],"predecessor-version":[{"id":982,"href":"https:\/\/www.vueloalmundo.com\/es\/wp-json\/wp\/v2\/pages\/978\/revisions\/982"}],"wp:attachment":[{"href":"https:\/\/www.vueloalmundo.com\/es\/wp-json\/wp\/v2\/media?parent=978"}],"curies":[{"name":"wp","href":"https:\/\/api.w.org\/{rel}","templated":true}]}}