{"id":973,"date":"2024-05-21T04:39:39","date_gmt":"2024-05-21T04:39:39","guid":{"rendered":"https:\/\/www.vueloalmundo.com\/?page_id=973"},"modified":"2024-05-21T04:40:56","modified_gmt":"2024-05-21T04:40:56","slug":"cheap-plane-tickets","status":"publish","type":"page","link":"https:\/\/www.vueloalmundo.com\/es\/cheap-plane-tickets\/","title":{"rendered":"Billetes de avi\u00f3n baratos"},"content":{"rendered":"<div data-elementor-type=\"wp-page\" data-elementor-id=\"973\" class=\"elementor elementor-973\" data-elementor-post-type=\"page\">\n\t\t\t\t\t\t<section class=\"elementor-section elementor-top-section elementor-element elementor-element-00a009a elementor-section-boxed elementor-section-height-default elementor-section-height-default\" data-id=\"00a009a\" data-element_type=\"section\">\n\t\t\t\t\t\t<div class=\"elementor-container elementor-column-gap-default\">\n\t\t\t\t\t<div class=\"elementor-column elementor-col-100 elementor-top-column elementor-element elementor-element-3688b34\" data-id=\"3688b34\" data-element_type=\"column\">\n\t\t\t<div class=\"elementor-widget-wrap elementor-element-populated\">\n\t\t\t\t\t\t<div class=\"elementor-element elementor-element-cbb24e8 PrivacyPolicy elementor-widget elementor-widget-text-editor\" data-id=\"cbb24e8\" data-element_type=\"widget\" data-widget_type=\"text-editor.default\">\n\t\t\t\t\t\t\t\t\t<h2><span style=\"color: #000000;\"><b>Billetes de avi\u00f3n baratos<br \/><\/b><\/span><\/h2><p>Los billetes de avi\u00f3n baratos ahora est\u00e1n m\u00e1s disponibles que nunca con Vueloalmundo. Nuestro punto fuerte es que ofrecemos vuelos baratos a cualquier destino popular del mundo. Ya sea que est\u00e9s planeando una escapada de fin de semana, unas vacaciones familiares o un viaje de negocios, somos quienes te ayudaremos a comprar boletos de avi\u00f3n a los mejores precios.<\/p><p>En Vueloalmundo creemos firmemente que todo el mundo tiene derecho a viajar con un presupuesto ajustado. Por lo tanto, nos tomamos muy en serio nuestro deber de ofrecerle las tarifas m\u00e1s bajas posibles en billetes de avi\u00f3n. Nuestro nuevo y mejorado motor de b\u00fasqueda se basa en la comparaci\u00f3n de precios de m\u00faltiples aerol\u00edneas para que pueda estar seguro de que est\u00e1 obteniendo la mejor oferta posible. Con solo hacer clic en un bot\u00f3n, puede buscar y reservar boletos baratos a cualquier lugar que se adapte a su bolsillo.<\/p><p>Nuestro sitio web har\u00e1 que sea f\u00e1cil y eficiente encontrar los billetes de avi\u00f3n m\u00e1s baratos y har\u00e1 que todo el proceso de b\u00fasqueda sea muy sencillo. Simplemente ingrese la informaci\u00f3n del viaje, por ejemplo, la ciudad de salida, el destino y las fechas de viaje, en el sistema, y nuestro sistema se encargar\u00e1 del resto. Se le proporcionar\u00e1 una lista de vuelos disponibles que incluye detalles importantes sobre los horarios de salida, la duraci\u00f3n y el precio. Puede elegir y filtrar los resultados para encontrar el vuelo adecuado que se adapte a sus necesidades.<\/p><p>Sabemos que la flexibilidad adecuada es el factor m\u00e1s importante a la hora de buscar los billetes de avi\u00f3n m\u00e1s baratos. Si sus fechas de viaje son flexibles, nuestro sistema puede mostrarle f\u00e1cilmente los d\u00edas m\u00e1s baratos para volar. Esta opci\u00f3n le permite ahorrar a\u00fan m\u00e1s en su pasaje a\u00e9reo. Adem\u00e1s, le ofreceremos una amplia gama de tarifas entre las que podr\u00e1 elegir para seleccionar el nivel de servicio y las comodidades que m\u00e1s le convengan.<\/p><p>Vueloalmundo ofrece una forma segura y sencilla de reservar billetes de avi\u00f3n baratos. Este sitio emplea sofisticadas medidas de seguridad para garantizar que su informaci\u00f3n privada y la de su tarjeta de cr\u00e9dito est\u00e9n seguras.<\/p><p>No permita que las tarifas a\u00e9reas elevadas le impidan explorar el mundo. Comienza a planificar tu pr\u00f3xima aventura ahora y aprovecha nuestros precios inmejorables.<\/p><p>\u00a0<\/p>\t\t\t\t\t\t\t\t<\/div>\n\t\t\t\t\t<\/div>\n\t\t<\/div>\n\t\t\t\t\t<\/div>\n\t\t<\/section>\n\t\t\t\t<\/div>","protected":false},"excerpt":{"rendered":"<p>Cheap Plane Tickets Cheap plane tickets are now more available than ever with Vueloalmundo. Our strength is that we offer [&hellip;]<\/p>","protected":false},"author":1,"featured_media":0,"parent":0,"menu_order":0,"comment_status":"closed","ping_status":"closed","template":"elementor_header_footer","meta":{"site-sidebar-layout":"no-sidebar","site-content-layout":"","ast-site-content-layout":"full-width-container","site-content-style":"default","site-sidebar-style":"default","ast-global-header-display":"","ast-banner-title-visibility":"","ast-main-header-display":"","ast-hfb-above-header-display":"","ast-hfb-below-header-display":"","ast-hfb-mobile-header-display":"","site-post-title":"disabled","ast-breadcrumbs-content":"","ast-featured-img":"disabled","footer-sml-layout":"","theme-transparent-header-meta":"default","adv-header-id-meta":"","stick-header-meta":"","header-above-stick-meta":"","header-main-stick-meta":"","header-below-stick-meta":"","astra-migrate-meta-layouts":"set","ast-page-background-enabled":"default","ast-page-background-meta":{"desktop":{"background-color":"var(--ast-global-color-4)","background-image":"","background-repeat":"repeat","background-position":"center center","background-size":"auto","background-attachment":"scroll","background-type":"","background-media":"","overlay-type":"","overlay-color":"","overlay-opacity":"","overlay-gradient":""},"tablet":{"background-color":"","background-image":"","background-repeat":"repeat","background-position":"center center","background-size":"auto","background-attachment":"scroll","background-type":"","background-media":"","overlay-type":"","overlay-color":"","overlay-opacity":"","overlay-gradient":""},"mobile":{"background-color":"","background-image":"","background-repeat":"repeat","background-position":"center center","background-size":"auto","background-attachment":"scroll","background-type":"","background-media":"","overlay-type":"","overlay-color":"","overlay-opacity":"","overlay-gradient":""}},"ast-content-background-meta":{"desktop":{"background-color":"var(--ast-global-color-5)","background-image":"","background-repeat":"repeat","background-position":"center center","background-size":"auto","background-attachment":"scroll","background-type":"","background-media":"","overlay-type":"","overlay-color":"","overlay-opacity":"","overlay-gradient":""},"tablet":{"background-color":"var(--ast-global-color-5)","background-image":"","background-repeat":"repeat","background-position":"center center","background-size":"auto","background-attachment":"scroll","background-type":"","background-media":"","overlay-type":"","overlay-color":"","overlay-opacity":"","overlay-gradient":""},"mobile":{"background-color":"var(--ast-global-color-5)","background-image":"","background-repeat":"repeat","background-position":"center center","background-size":"auto","background-attachment":"scroll","background-type":"","background-media":"","overlay-type":"","overlay-color":"","overlay-opacity":"","overlay-gradient":""}},"footnotes":""},"class_list":["post-973","page","type-page","status-publish","hentry"],"yoast_head":"<!-- This site is optimized with the Yoast SEO plugin v25.1 - https:\/\/yoast.com\/wordpress\/plugins\/seo\/ -->\n<title>Cheap Plane Tickets - vueloalmundo<\/title>\n<meta name=\"robots\" content=\"index, follow, max-snippet:-1, max-image-preview:large, max-video-preview:-1\" \/>\n<link rel=\"canonical\" href=\"https:\/\/www.vueloalmundo.com\/es\/cheap-plane-tickets\/\" \/>\n<meta property=\"og:locale\" content=\"es_ES\" \/>\n<meta property=\"og:type\" content=\"article\" \/>\n<meta property=\"og:title\" content=\"Cheap Plane Tickets - vueloalmundo\" \/>\n<meta property=\"og:description\" content=\"Cheap Plane Tickets Cheap plane tickets are now more available than ever with Vueloalmundo. Our strength is that we offer [&hellip;]\" \/>\n<meta property=\"og:url\" content=\"https:\/\/www.vueloalmundo.com\/es\/cheap-plane-tickets\/\" \/>\n<meta property=\"og:site_name\" content=\"vueloalmundo\" \/>\n<meta property=\"article:modified_time\" content=\"2024-05-21T04:40:56+00:00\" \/>\n<meta name=\"twitter:card\" content=\"summary_large_image\" \/>\n<meta name=\"twitter:label1\" content=\"Tiempo de lectura\" \/>\n\t<meta name=\"twitter:data1\" content=\"2 minutos\" \/>\n<script type=\"application\/ld+json\" class=\"yoast-schema-graph\">{\"@context\":\"https:\/\/schema.org\",\"@graph\":[{\"@type\":\"WebPage\",\"@id\":\"https:\/\/www.vueloalmundo.com\/en_us\/cheap-plane-tickets\/\",\"url\":\"https:\/\/www.vueloalmundo.com\/en_us\/cheap-plane-tickets\/\",\"name\":\"Cheap Plane Tickets - vueloalmundo\",\"isPartOf\":{\"@id\":\"https:\/\/www.vueloalmundo.com\/es\/#website\"},\"datePublished\":\"2024-05-21T04:39:39+00:00\",\"dateModified\":\"2024-05-21T04:40:56+00:00\",\"breadcrumb\":{\"@id\":\"https:\/\/www.vueloalmundo.com\/en_us\/cheap-plane-tickets\/#breadcrumb\"},\"inLanguage\":\"es\",\"potentialAction\":[{\"@type\":\"ReadAction\",\"target\":[\"https:\/\/www.vueloalmundo.com\/en_us\/cheap-plane-tickets\/\"]}]},{\"@type\":\"BreadcrumbList\",\"@id\":\"https:\/\/www.vueloalmundo.com\/en_us\/cheap-plane-tickets\/#breadcrumb\",\"itemListElement\":[{\"@type\":\"ListItem\",\"position\":1,\"name\":\"Home\",\"item\":\"https:\/\/www.vueloalmundo.com\/es\/\"},{\"@type\":\"ListItem\",\"position\":2,\"name\":\"Cheap Plane Tickets\"}]},{\"@type\":\"WebSite\",\"@id\":\"https:\/\/www.vueloalmundo.com\/es\/#website\",\"url\":\"https:\/\/www.vueloalmundo.com\/es\/\",\"name\":\"vueloalmundo\",\"description\":\"\",\"potentialAction\":[{\"@type\":\"SearchAction\",\"target\":{\"@type\":\"EntryPoint\",\"urlTemplate\":\"https:\/\/www.vueloalmundo.com\/es\/?s={search_term_string}\"},\"query-input\":{\"@type\":\"PropertyValueSpecification\",\"valueRequired\":true,\"valueName\":\"search_term_string\"}}],\"inLanguage\":\"es\"}]}<\/script>\n<!-- \/ Yoast SEO plugin. -->","yoast_head_json":{"title":"Cheap Plane Tickets - vueloalmundo","robots":{"index":"index","follow":"follow","max-snippet":"max-snippet:-1","max-image-preview":"max-image-preview:large","max-video-preview":"max-video-preview:-1"},"canonical":"https:\/\/www.vueloalmundo.com\/es\/cheap-plane-tickets\/","og_locale":"es_ES","og_type":"article","og_title":"Cheap Plane Tickets - vueloalmundo","og_description":"Cheap Plane Tickets Cheap plane tickets are now more available than ever with Vueloalmundo. Our strength is that we offer [&hellip;]","og_url":"https:\/\/www.vueloalmundo.com\/es\/cheap-plane-tickets\/","og_site_name":"vueloalmundo","article_modified_time":"2024-05-21T04:40:56+00:00","twitter_card":"summary_large_image","twitter_misc":{"Tiempo de lectura":"2 minutos"},"schema":{"@context":"https:\/\/schema.org","@graph":[{"@type":"WebPage","@id":"https:\/\/www.vueloalmundo.com\/en_us\/cheap-plane-tickets\/","url":"https:\/\/www.vueloalmundo.com\/en_us\/cheap-plane-tickets\/","name":"Cheap Plane Tickets - vueloalmundo","isPartOf":{"@id":"https:\/\/www.vueloalmundo.com\/es\/#website"},"datePublished":"2024-05-21T04:39:39+00:00","dateModified":"2024-05-21T04:40:56+00:00","breadcrumb":{"@id":"https:\/\/www.vueloalmundo.com\/en_us\/cheap-plane-tickets\/#breadcrumb"},"inLanguage":"es","potentialAction":[{"@type":"ReadAction","target":["https:\/\/www.vueloalmundo.com\/en_us\/cheap-plane-tickets\/"]}]},{"@type":"BreadcrumbList","@id":"https:\/\/www.vueloalmundo.com\/en_us\/cheap-plane-tickets\/#breadcrumb","itemListElement":[{"@type":"ListItem","position":1,"name":"Home","item":"https:\/\/www.vueloalmundo.com\/es\/"},{"@type":"ListItem","position":2,"name":"Cheap Plane Tickets"}]},{"@type":"WebSite","@id":"https:\/\/www.vueloalmundo.com\/es\/#website","url":"https:\/\/www.vueloalmundo.com\/es\/","name":"vueloalmundo","description":"","potentialAction":[{"@type":"SearchAction","target":{"@type":"EntryPoint","urlTemplate":"https:\/\/www.vueloalmundo.com\/es\/?s={search_term_string}"},"query-input":{"@type":"PropertyValueSpecification","valueRequired":true,"valueName":"search_term_string"}}],"inLanguage":"es"}]}},"_links":{"self":[{"href":"https:\/\/www.vueloalmundo.com\/es\/wp-json\/wp\/v2\/pages\/973","targetHints":{"allow":["GET"]}}],"collection":[{"href":"https:\/\/www.vueloalmundo.com\/es\/wp-json\/wp\/v2\/pages"}],"about":[{"href":"https:\/\/www.vueloalmundo.com\/es\/wp-json\/wp\/v2\/types\/page"}],"author":[{"embeddable":true,"href":"https:\/\/www.vueloalmundo.com\/es\/wp-json\/wp\/v2\/users\/1"}],"replies":[{"embeddable":true,"href":"https:\/\/www.vueloalmundo.com\/es\/wp-json\/wp\/v2\/comments?post=973"}],"version-history":[{"count":4,"href":"https:\/\/www.vueloalmundo.com\/es\/wp-json\/wp\/v2\/pages\/973\/revisions"}],"predecessor-version":[{"id":977,"href":"https:\/\/www.vueloalmundo.com\/es\/wp-json\/wp\/v2\/pages\/973\/revisions\/977"}],"wp:attachment":[{"href":"https:\/\/www.vueloalmundo.com\/es\/wp-json\/wp\/v2\/media?parent=973"}],"curies":[{"name":"wp","href":"https:\/\/api.w.org\/{rel}","templated":true}]}}