{"id":965,"date":"2024-05-21T04:21:21","date_gmt":"2024-05-21T04:21:21","guid":{"rendered":"https:\/\/www.vueloalmundo.com\/?page_id=965"},"modified":"2024-05-21T04:22:22","modified_gmt":"2024-05-21T04:22:22","slug":"book-flights","status":"publish","type":"page","link":"https:\/\/www.vueloalmundo.com\/es\/book-flights\/","title":{"rendered":"Reservar vuelos"},"content":{"rendered":"<div data-elementor-type=\"wp-page\" data-elementor-id=\"965\" class=\"elementor elementor-965\" data-elementor-post-type=\"page\">\n\t\t\t\t\t\t<section class=\"elementor-section elementor-top-section elementor-element elementor-element-00a009a elementor-section-boxed elementor-section-height-default elementor-section-height-default\" data-id=\"00a009a\" data-element_type=\"section\">\n\t\t\t\t\t\t<div class=\"elementor-container elementor-column-gap-default\">\n\t\t\t\t\t<div class=\"elementor-column elementor-col-100 elementor-top-column elementor-element elementor-element-3688b34\" data-id=\"3688b34\" data-element_type=\"column\">\n\t\t\t<div class=\"elementor-widget-wrap elementor-element-populated\">\n\t\t\t\t\t\t<div class=\"elementor-element elementor-element-cbb24e8 PrivacyPolicy elementor-widget elementor-widget-text-editor\" data-id=\"cbb24e8\" data-element_type=\"widget\" data-widget_type=\"text-editor.default\">\n\t\t\t\t\t\t\t\t\t<h2><span style=\"color: #000000;\"><b>Reservar vuelos<\/b><\/span><\/h2><p>Vueloalmundo es un gran sitio web para reservar billetes de avi\u00f3n porque es muy f\u00e1cil de usar. Nuestra plataforma f\u00e1cil de usar ofrece una experiencia sencilla de buscar y reservar vuelos al destino al que desea ir. Ya sea que sea un viajero experimentado o un viajero por primera vez, nos esforzamos para que el proceso sea lo m\u00e1s f\u00e1cil y libre de estr\u00e9s posible para usted.<\/p><p>Primero, ingresa tu destino y fechas en nuestro motor de b\u00fasqueda. Ya sea un paquete de viaje de ida, de ida y vuelta o de varias ciudades, atendemos todas sus necesidades. Nuestro sistema realizar\u00e1 una b\u00fasqueda r\u00e1pida de vuelos de varias aerol\u00edneas y le cargar\u00e1 una lista completa de opciones de vuelo. Puede ordenar los resultados por precio, duraci\u00f3n o aerol\u00ednea para encontrar el vuelo m\u00e1s adecuado para usted.<\/p><p>Una de las ventajas de reservar con Vueloalmundo es nuestra fidelidad a la transparencia, que es un beneficio clave de nuestro servicio. Te damos toda la informaci\u00f3n que puedas necesitar con antelaci\u00f3n para que no te sorprendas ante ninguna situaci\u00f3n inesperada. Desde la pol\u00edtica de equipaje hasta la selecci\u00f3n de asiento, se le informar\u00e1 de los detalles precisos antes de comprar su billete. Esta concisi\u00f3n tambi\u00e9n se refleja en nuestro modelo de precios. El precio mostrado es el precio que usted paga, sin cargos adicionales ni ocultos, ni cargos de \u00faltima hora.<\/p><p>Somos conscientes de que los acuerdos pueden posponerse y que la capacidad de adaptaci\u00f3n es clave. Por eso tenemos m\u00e9todos de reserva flexibles. Si necesitas cambiar tu vuelo, nuestro personal de atenci\u00f3n al cliente est\u00e1 disponible para ayudarte. Estamos orgullosos de hacer que el proceso sea lo m\u00e1s eficiente posible, por lo que podr\u00e1 concentrarse en su viaje en lugar de en la log\u00edstica.<\/p><p>Este Vueloalmundo tambi\u00e9n ofrece una variedad de servicios de viaje que har\u00e1n su viaje m\u00e1s c\u00f3modo. \u00bfBuscas un hotel? Nuestro sitio web le permite buscar una gran cantidad de opciones de alojamiento que se adaptan a cualquier tama\u00f1o de billetera. \u00bfNecesita transporte? Ofrecemos veh\u00edculos en alquiler a precios razonables. \u00bfQu\u00e9 tal si reservas las actividades en tu destino? Tambi\u00e9n estamos ah\u00ed para resolver esa cuesti\u00f3n. Queremos ofrecer un viaje completo, todo en un solo \u00e1rea.<\/p><p>Nuestros clientes son nuestra prioridad y eso es lo que nos diferencia de los dem\u00e1s.<\/p><p>\u00a0<\/p>\t\t\t\t\t\t\t\t<\/div>\n\t\t\t\t\t<\/div>\n\t\t<\/div>\n\t\t\t\t\t<\/div>\n\t\t<\/section>\n\t\t\t\t<\/div>","protected":false},"excerpt":{"rendered":"<p>Book Flights Vueloalmundo is a great website for booking flight tickets because it is very easy to use. Our user-friendly [&hellip;]<\/p>","protected":false},"author":1,"featured_media":0,"parent":0,"menu_order":0,"comment_status":"closed","ping_status":"closed","template":"elementor_header_footer","meta":{"site-sidebar-layout":"no-sidebar","site-content-layout":"","ast-site-content-layout":"full-width-container","site-content-style":"default","site-sidebar-style":"default","ast-global-header-display":"","ast-banner-title-visibility":"","ast-main-header-display":"","ast-hfb-above-header-display":"","ast-hfb-below-header-display":"","ast-hfb-mobile-header-display":"","site-post-title":"disabled","ast-breadcrumbs-content":"","ast-featured-img":"disabled","footer-sml-layout":"","theme-transparent-header-meta":"default","adv-header-id-meta":"","stick-header-meta":"","header-above-stick-meta":"","header-main-stick-meta":"","header-below-stick-meta":"","astra-migrate-meta-layouts":"set","ast-page-background-enabled":"default","ast-page-background-meta":{"desktop":{"background-color":"var(--ast-global-color-4)","background-image":"","background-repeat":"repeat","background-position":"center center","background-size":"auto","background-attachment":"scroll","background-type":"","background-media":"","overlay-type":"","overlay-color":"","overlay-opacity":"","overlay-gradient":""},"tablet":{"background-color":"","background-image":"","background-repeat":"repeat","background-position":"center center","background-size":"auto","background-attachment":"scroll","background-type":"","background-media":"","overlay-type":"","overlay-color":"","overlay-opacity":"","overlay-gradient":""},"mobile":{"background-color":"","background-image":"","background-repeat":"repeat","background-position":"center center","background-size":"auto","background-attachment":"scroll","background-type":"","background-media":"","overlay-type":"","overlay-color":"","overlay-opacity":"","overlay-gradient":""}},"ast-content-background-meta":{"desktop":{"background-color":"var(--ast-global-color-5)","background-image":"","background-repeat":"repeat","background-position":"center center","background-size":"auto","background-attachment":"scroll","background-type":"","background-media":"","overlay-type":"","overlay-color":"","overlay-opacity":"","overlay-gradient":""},"tablet":{"background-color":"var(--ast-global-color-5)","background-image":"","background-repeat":"repeat","background-position":"center center","background-size":"auto","background-attachment":"scroll","background-type":"","background-media":"","overlay-type":"","overlay-color":"","overlay-opacity":"","overlay-gradient":""},"mobile":{"background-color":"var(--ast-global-color-5)","background-image":"","background-repeat":"repeat","background-position":"center center","background-size":"auto","background-attachment":"scroll","background-type":"","background-media":"","overlay-type":"","overlay-color":"","overlay-opacity":"","overlay-gradient":""}},"footnotes":""},"class_list":["post-965","page","type-page","status-publish","hentry"],"yoast_head":"<!-- This site is optimized with the Yoast SEO plugin v25.1 - https:\/\/yoast.com\/wordpress\/plugins\/seo\/ -->\n<title>Book Flights - vueloalmundo<\/title>\n<meta name=\"robots\" content=\"index, follow, max-snippet:-1, max-image-preview:large, max-video-preview:-1\" \/>\n<link rel=\"canonical\" href=\"https:\/\/www.vueloalmundo.com\/es\/book-flights\/\" \/>\n<meta property=\"og:locale\" content=\"es_ES\" \/>\n<meta property=\"og:type\" content=\"article\" \/>\n<meta property=\"og:title\" content=\"Book Flights - vueloalmundo\" \/>\n<meta property=\"og:description\" content=\"Book Flights Vueloalmundo is a great website for booking flight tickets because it is very easy to use. Our user-friendly [&hellip;]\" \/>\n<meta property=\"og:url\" content=\"https:\/\/www.vueloalmundo.com\/es\/book-flights\/\" \/>\n<meta property=\"og:site_name\" content=\"vueloalmundo\" \/>\n<meta property=\"article:modified_time\" content=\"2024-05-21T04:22:22+00:00\" \/>\n<meta name=\"twitter:card\" content=\"summary_large_image\" \/>\n<meta name=\"twitter:label1\" content=\"Tiempo de lectura\" \/>\n\t<meta name=\"twitter:data1\" content=\"2 minutos\" \/>\n<script type=\"application\/ld+json\" class=\"yoast-schema-graph\">{\"@context\":\"https:\/\/schema.org\",\"@graph\":[{\"@type\":\"WebPage\",\"@id\":\"https:\/\/www.vueloalmundo.com\/book-flights\/\",\"url\":\"https:\/\/www.vueloalmundo.com\/book-flights\/\",\"name\":\"Book Flights - vueloalmundo\",\"isPartOf\":{\"@id\":\"https:\/\/www.vueloalmundo.com\/es\/#website\"},\"datePublished\":\"2024-05-21T04:21:21+00:00\",\"dateModified\":\"2024-05-21T04:22:22+00:00\",\"breadcrumb\":{\"@id\":\"https:\/\/www.vueloalmundo.com\/book-flights\/#breadcrumb\"},\"inLanguage\":\"es\",\"potentialAction\":[{\"@type\":\"ReadAction\",\"target\":[\"https:\/\/www.vueloalmundo.com\/book-flights\/\"]}]},{\"@type\":\"BreadcrumbList\",\"@id\":\"https:\/\/www.vueloalmundo.com\/book-flights\/#breadcrumb\",\"itemListElement\":[{\"@type\":\"ListItem\",\"position\":1,\"name\":\"Home\",\"item\":\"https:\/\/www.vueloalmundo.com\/es\/\"},{\"@type\":\"ListItem\",\"position\":2,\"name\":\"Book Flights\"}]},{\"@type\":\"WebSite\",\"@id\":\"https:\/\/www.vueloalmundo.com\/es\/#website\",\"url\":\"https:\/\/www.vueloalmundo.com\/es\/\",\"name\":\"vueloalmundo\",\"description\":\"\",\"potentialAction\":[{\"@type\":\"SearchAction\",\"target\":{\"@type\":\"EntryPoint\",\"urlTemplate\":\"https:\/\/www.vueloalmundo.com\/es\/?s={search_term_string}\"},\"query-input\":{\"@type\":\"PropertyValueSpecification\",\"valueRequired\":true,\"valueName\":\"search_term_string\"}}],\"inLanguage\":\"es\"}]}<\/script>\n<!-- \/ Yoast SEO plugin. -->","yoast_head_json":{"title":"Book Flights - vueloalmundo","robots":{"index":"index","follow":"follow","max-snippet":"max-snippet:-1","max-image-preview":"max-image-preview:large","max-video-preview":"max-video-preview:-1"},"canonical":"https:\/\/www.vueloalmundo.com\/es\/book-flights\/","og_locale":"es_ES","og_type":"article","og_title":"Book Flights - vueloalmundo","og_description":"Book Flights Vueloalmundo is a great website for booking flight tickets because it is very easy to use. Our user-friendly [&hellip;]","og_url":"https:\/\/www.vueloalmundo.com\/es\/book-flights\/","og_site_name":"vueloalmundo","article_modified_time":"2024-05-21T04:22:22+00:00","twitter_card":"summary_large_image","twitter_misc":{"Tiempo de lectura":"2 minutos"},"schema":{"@context":"https:\/\/schema.org","@graph":[{"@type":"WebPage","@id":"https:\/\/www.vueloalmundo.com\/book-flights\/","url":"https:\/\/www.vueloalmundo.com\/book-flights\/","name":"Book Flights - vueloalmundo","isPartOf":{"@id":"https:\/\/www.vueloalmundo.com\/es\/#website"},"datePublished":"2024-05-21T04:21:21+00:00","dateModified":"2024-05-21T04:22:22+00:00","breadcrumb":{"@id":"https:\/\/www.vueloalmundo.com\/book-flights\/#breadcrumb"},"inLanguage":"es","potentialAction":[{"@type":"ReadAction","target":["https:\/\/www.vueloalmundo.com\/book-flights\/"]}]},{"@type":"BreadcrumbList","@id":"https:\/\/www.vueloalmundo.com\/book-flights\/#breadcrumb","itemListElement":[{"@type":"ListItem","position":1,"name":"Home","item":"https:\/\/www.vueloalmundo.com\/es\/"},{"@type":"ListItem","position":2,"name":"Book Flights"}]},{"@type":"WebSite","@id":"https:\/\/www.vueloalmundo.com\/es\/#website","url":"https:\/\/www.vueloalmundo.com\/es\/","name":"vueloalmundo","description":"","potentialAction":[{"@type":"SearchAction","target":{"@type":"EntryPoint","urlTemplate":"https:\/\/www.vueloalmundo.com\/es\/?s={search_term_string}"},"query-input":{"@type":"PropertyValueSpecification","valueRequired":true,"valueName":"search_term_string"}}],"inLanguage":"es"}]}},"_links":{"self":[{"href":"https:\/\/www.vueloalmundo.com\/es\/wp-json\/wp\/v2\/pages\/965","targetHints":{"allow":["GET"]}}],"collection":[{"href":"https:\/\/www.vueloalmundo.com\/es\/wp-json\/wp\/v2\/pages"}],"about":[{"href":"https:\/\/www.vueloalmundo.com\/es\/wp-json\/wp\/v2\/types\/page"}],"author":[{"embeddable":true,"href":"https:\/\/www.vueloalmundo.com\/es\/wp-json\/wp\/v2\/users\/1"}],"replies":[{"embeddable":true,"href":"https:\/\/www.vueloalmundo.com\/es\/wp-json\/wp\/v2\/comments?post=965"}],"version-history":[{"count":4,"href":"https:\/\/www.vueloalmundo.com\/es\/wp-json\/wp\/v2\/pages\/965\/revisions"}],"predecessor-version":[{"id":969,"href":"https:\/\/www.vueloalmundo.com\/es\/wp-json\/wp\/v2\/pages\/965\/revisions\/969"}],"wp:attachment":[{"href":"https:\/\/www.vueloalmundo.com\/es\/wp-json\/wp\/v2\/media?parent=965"}],"curies":[{"name":"wp","href":"https:\/\/api.w.org\/{rel}","templated":true}]}}