{"id":957,"date":"2024-05-21T03:59:19","date_gmt":"2024-05-21T03:59:19","guid":{"rendered":"https:\/\/www.vueloalmundo.com\/?page_id=957"},"modified":"2024-05-21T04:22:33","modified_gmt":"2024-05-21T04:22:33","slug":"cheap-flight-booking","status":"publish","type":"page","link":"https:\/\/www.vueloalmundo.com\/es\/cheap-flight-booking\/","title":{"rendered":"Reserva de vuelos baratos"},"content":{"rendered":"<div data-elementor-type=\"wp-page\" data-elementor-id=\"957\" class=\"elementor elementor-957\" data-elementor-post-type=\"page\">\n\t\t\t\t\t\t<section class=\"elementor-section elementor-top-section elementor-element elementor-element-00a009a elementor-section-boxed elementor-section-height-default elementor-section-height-default\" data-id=\"00a009a\" data-element_type=\"section\">\n\t\t\t\t\t\t<div class=\"elementor-container elementor-column-gap-default\">\n\t\t\t\t\t<div class=\"elementor-column elementor-col-100 elementor-top-column elementor-element elementor-element-3688b34\" data-id=\"3688b34\" data-element_type=\"column\">\n\t\t\t<div class=\"elementor-widget-wrap elementor-element-populated\">\n\t\t\t\t\t\t<div class=\"elementor-element elementor-element-cbb24e8 PrivacyPolicy elementor-widget elementor-widget-text-editor\" data-id=\"cbb24e8\" data-element_type=\"widget\" data-widget_type=\"text-editor.default\">\n\t\t\t\t\t\t\t\t\t<h2><span style=\"color: #000000;\"><b>Reserva de vuelos baratos<\/b><\/span><\/h2><p>En Vueloalmundo estamos encantados de presentarle nuestra plataforma, que es su soluci\u00f3n definitiva para todas sus necesidades de viaje. Somos expertos en reservar vuelos baratos a cualquier lugar al que desee volar en todo el mundo. Ya sean unas vacaciones, un viaje de negocios o un viaje repentino, queremos asegurarnos de que disfrute de su viaje sin gastar mucho y sin tener que pasar por tantos procesos.<\/p><p>Buscar las mejores ofertas de vuelos en una amplia gama de aerol\u00edneas puede resultar un desaf\u00edo. Con Vueloalmundo, no tienes que preocuparte por esto porque nosotros lo sabemos y te tenemos cubierto. Por eso, contamos con una plataforma f\u00e1cil de usar donde puedes acceder a informaci\u00f3n de diferentes compa\u00f1\u00edas a\u00e9reas y comparar precios. Nuestro motor de b\u00fasqueda tiene en cuenta todas las opciones de vuelos posibles y le muestra los precios m\u00e1s baratos. En segundos, incluso puede reservar un vuelo que sea asequible y conveniente para usted.<\/p><p>Calificamos nuestros precios como los m\u00e1s bajos del mercado. Los miembros de nuestro personal de especialistas en viajes est\u00e1n trabajando arduamente para hacer el trabajo de negociar con las compa\u00f1\u00edas a\u00e9reas y tratar de llegar a acuerdos que le brinden el mejor valor por su dinero. Creemos firmemente que los viajes deben ser asequibles para todos y, por eso, nuestros precios son competitivos mientras mantenemos este compromiso.<\/p><p>Reservar un vuelo con Vueloalmundo es realmente sencillo y directo. Nuestro sitio web fue desarrollado para brindarle los datos relevantes para que pueda hacer su elecci\u00f3n sabiamente. Proporcionamos horarios de vuelos de manera detallada y puede reservar con la seguridad de que el precio que ve es el precio que paga. Cuidamos la seguridad implementando un sistema de pago que garantiza que su informaci\u00f3n personal y financiera est\u00e9 segura en todo momento.<\/p><p>Adem\u00e1s de los vuelos low cost, tambi\u00e9n ponemos a tu disposici\u00f3n diferentes servicios de viaje para ayudarte durante todo el viaje. \u00bfQu\u00e9 tal encontrar un lugar para quedarse? Podemos ayudarle a afrontar el coste del alquiler. \u00bfHasta luego, coche de alquiler? Te tenemos cubierto. Tambi\u00e9n te presentamos este seguro de viaje como una forma de brindarte un viaje sereno. Con Vueloalmundo todo est\u00e1 cuidado en un solo lugar desde las necesidades de viaje.<\/p><p>\u00danase a los miles de clientes satisfechos que han confiado en Vueloalmundo para sus necesidades de viaje. Nuestra dedicaci\u00f3n a ofrecer reservas de vuelos baratos y un servicio excepcional nos ha ganado la reputaci\u00f3n de ser un proveedor de viajes l\u00edder. Te invitamos a experimentar la diferencia por ti mismo.<\/p><p>Entonces, \u00bfpor qu\u00e9 esperar? Reserva ahora tu vuelo barato y emb\u00e1rcate en el viaje de tu vida<\/p>\t\t\t\t\t\t\t\t<\/div>\n\t\t\t\t\t<\/div>\n\t\t<\/div>\n\t\t\t\t\t<\/div>\n\t\t<\/section>\n\t\t\t\t<\/div>","protected":false},"excerpt":{"rendered":"<p>Cheap Flight Booking We at Vueloalmundo are delighted to introduce you to our platform, which is your ultimate solution for [&hellip;]<\/p>","protected":false},"author":1,"featured_media":0,"parent":0,"menu_order":0,"comment_status":"closed","ping_status":"closed","template":"elementor_header_footer","meta":{"site-sidebar-layout":"no-sidebar","site-content-layout":"","ast-site-content-layout":"full-width-container","site-content-style":"default","site-sidebar-style":"default","ast-global-header-display":"","ast-banner-title-visibility":"","ast-main-header-display":"","ast-hfb-above-header-display":"","ast-hfb-below-header-display":"","ast-hfb-mobile-header-display":"","site-post-title":"disabled","ast-breadcrumbs-content":"","ast-featured-img":"disabled","footer-sml-layout":"","theme-transparent-header-meta":"default","adv-header-id-meta":"","stick-header-meta":"","header-above-stick-meta":"","header-main-stick-meta":"","header-below-stick-meta":"","astra-migrate-meta-layouts":"set","ast-page-background-enabled":"default","ast-page-background-meta":{"desktop":{"background-color":"var(--ast-global-color-4)","background-image":"","background-repeat":"repeat","background-position":"center center","background-size":"auto","background-attachment":"scroll","background-type":"","background-media":"","overlay-type":"","overlay-color":"","overlay-opacity":"","overlay-gradient":""},"tablet":{"background-color":"","background-image":"","background-repeat":"repeat","background-position":"center center","background-size":"auto","background-attachment":"scroll","background-type":"","background-media":"","overlay-type":"","overlay-color":"","overlay-opacity":"","overlay-gradient":""},"mobile":{"background-color":"","background-image":"","background-repeat":"repeat","background-position":"center center","background-size":"auto","background-attachment":"scroll","background-type":"","background-media":"","overlay-type":"","overlay-color":"","overlay-opacity":"","overlay-gradient":""}},"ast-content-background-meta":{"desktop":{"background-color":"var(--ast-global-color-5)","background-image":"","background-repeat":"repeat","background-position":"center center","background-size":"auto","background-attachment":"scroll","background-type":"","background-media":"","overlay-type":"","overlay-color":"","overlay-opacity":"","overlay-gradient":""},"tablet":{"background-color":"var(--ast-global-color-5)","background-image":"","background-repeat":"repeat","background-position":"center center","background-size":"auto","background-attachment":"scroll","background-type":"","background-media":"","overlay-type":"","overlay-color":"","overlay-opacity":"","overlay-gradient":""},"mobile":{"background-color":"var(--ast-global-color-5)","background-image":"","background-repeat":"repeat","background-position":"center center","background-size":"auto","background-attachment":"scroll","background-type":"","background-media":"","overlay-type":"","overlay-color":"","overlay-opacity":"","overlay-gradient":""}},"footnotes":""},"class_list":["post-957","page","type-page","status-publish","hentry"],"yoast_head":"<!-- This site is optimized with the Yoast SEO plugin v25.1 - https:\/\/yoast.com\/wordpress\/plugins\/seo\/ -->\n<title>Cheap Flight Booking - vueloalmundo<\/title>\n<meta name=\"robots\" content=\"index, follow, max-snippet:-1, max-image-preview:large, max-video-preview:-1\" \/>\n<link rel=\"canonical\" href=\"https:\/\/www.vueloalmundo.com\/es\/cheap-flight-booking\/\" \/>\n<meta property=\"og:locale\" content=\"es_ES\" \/>\n<meta property=\"og:type\" content=\"article\" \/>\n<meta property=\"og:title\" content=\"Cheap Flight Booking - vueloalmundo\" \/>\n<meta property=\"og:description\" content=\"Cheap Flight Booking We at Vueloalmundo are delighted to introduce you to our platform, which is your ultimate solution for [&hellip;]\" \/>\n<meta property=\"og:url\" content=\"https:\/\/www.vueloalmundo.com\/es\/cheap-flight-booking\/\" \/>\n<meta property=\"og:site_name\" content=\"vueloalmundo\" \/>\n<meta property=\"article:modified_time\" content=\"2024-05-21T04:22:33+00:00\" \/>\n<meta name=\"twitter:card\" content=\"summary_large_image\" \/>\n<meta name=\"twitter:label1\" content=\"Tiempo de lectura\" \/>\n\t<meta name=\"twitter:data1\" content=\"2 minutos\" \/>\n<script type=\"application\/ld+json\" class=\"yoast-schema-graph\">{\"@context\":\"https:\/\/schema.org\",\"@graph\":[{\"@type\":\"WebPage\",\"@id\":\"https:\/\/www.vueloalmundo.com\/cheap-flight-booking\/\",\"url\":\"https:\/\/www.vueloalmundo.com\/cheap-flight-booking\/\",\"name\":\"Cheap Flight Booking - vueloalmundo\",\"isPartOf\":{\"@id\":\"https:\/\/www.vueloalmundo.com\/es\/#website\"},\"datePublished\":\"2024-05-21T03:59:19+00:00\",\"dateModified\":\"2024-05-21T04:22:33+00:00\",\"breadcrumb\":{\"@id\":\"https:\/\/www.vueloalmundo.com\/cheap-flight-booking\/#breadcrumb\"},\"inLanguage\":\"es\",\"potentialAction\":[{\"@type\":\"ReadAction\",\"target\":[\"https:\/\/www.vueloalmundo.com\/cheap-flight-booking\/\"]}]},{\"@type\":\"BreadcrumbList\",\"@id\":\"https:\/\/www.vueloalmundo.com\/cheap-flight-booking\/#breadcrumb\",\"itemListElement\":[{\"@type\":\"ListItem\",\"position\":1,\"name\":\"Home\",\"item\":\"https:\/\/www.vueloalmundo.com\/es\/\"},{\"@type\":\"ListItem\",\"position\":2,\"name\":\"Cheap Flight Booking\"}]},{\"@type\":\"WebSite\",\"@id\":\"https:\/\/www.vueloalmundo.com\/es\/#website\",\"url\":\"https:\/\/www.vueloalmundo.com\/es\/\",\"name\":\"vueloalmundo\",\"description\":\"\",\"potentialAction\":[{\"@type\":\"SearchAction\",\"target\":{\"@type\":\"EntryPoint\",\"urlTemplate\":\"https:\/\/www.vueloalmundo.com\/es\/?s={search_term_string}\"},\"query-input\":{\"@type\":\"PropertyValueSpecification\",\"valueRequired\":true,\"valueName\":\"search_term_string\"}}],\"inLanguage\":\"es\"}]}<\/script>\n<!-- \/ Yoast SEO plugin. -->","yoast_head_json":{"title":"Cheap Flight Booking - vueloalmundo","robots":{"index":"index","follow":"follow","max-snippet":"max-snippet:-1","max-image-preview":"max-image-preview:large","max-video-preview":"max-video-preview:-1"},"canonical":"https:\/\/www.vueloalmundo.com\/es\/cheap-flight-booking\/","og_locale":"es_ES","og_type":"article","og_title":"Cheap Flight Booking - vueloalmundo","og_description":"Cheap Flight Booking We at Vueloalmundo are delighted to introduce you to our platform, which is your ultimate solution for [&hellip;]","og_url":"https:\/\/www.vueloalmundo.com\/es\/cheap-flight-booking\/","og_site_name":"vueloalmundo","article_modified_time":"2024-05-21T04:22:33+00:00","twitter_card":"summary_large_image","twitter_misc":{"Tiempo de lectura":"2 minutos"},"schema":{"@context":"https:\/\/schema.org","@graph":[{"@type":"WebPage","@id":"https:\/\/www.vueloalmundo.com\/cheap-flight-booking\/","url":"https:\/\/www.vueloalmundo.com\/cheap-flight-booking\/","name":"Cheap Flight Booking - vueloalmundo","isPartOf":{"@id":"https:\/\/www.vueloalmundo.com\/es\/#website"},"datePublished":"2024-05-21T03:59:19+00:00","dateModified":"2024-05-21T04:22:33+00:00","breadcrumb":{"@id":"https:\/\/www.vueloalmundo.com\/cheap-flight-booking\/#breadcrumb"},"inLanguage":"es","potentialAction":[{"@type":"ReadAction","target":["https:\/\/www.vueloalmundo.com\/cheap-flight-booking\/"]}]},{"@type":"BreadcrumbList","@id":"https:\/\/www.vueloalmundo.com\/cheap-flight-booking\/#breadcrumb","itemListElement":[{"@type":"ListItem","position":1,"name":"Home","item":"https:\/\/www.vueloalmundo.com\/es\/"},{"@type":"ListItem","position":2,"name":"Cheap Flight Booking"}]},{"@type":"WebSite","@id":"https:\/\/www.vueloalmundo.com\/es\/#website","url":"https:\/\/www.vueloalmundo.com\/es\/","name":"vueloalmundo","description":"","potentialAction":[{"@type":"SearchAction","target":{"@type":"EntryPoint","urlTemplate":"https:\/\/www.vueloalmundo.com\/es\/?s={search_term_string}"},"query-input":{"@type":"PropertyValueSpecification","valueRequired":true,"valueName":"search_term_string"}}],"inLanguage":"es"}]}},"_links":{"self":[{"href":"https:\/\/www.vueloalmundo.com\/es\/wp-json\/wp\/v2\/pages\/957","targetHints":{"allow":["GET"]}}],"collection":[{"href":"https:\/\/www.vueloalmundo.com\/es\/wp-json\/wp\/v2\/pages"}],"about":[{"href":"https:\/\/www.vueloalmundo.com\/es\/wp-json\/wp\/v2\/types\/page"}],"author":[{"embeddable":true,"href":"https:\/\/www.vueloalmundo.com\/es\/wp-json\/wp\/v2\/users\/1"}],"replies":[{"embeddable":true,"href":"https:\/\/www.vueloalmundo.com\/es\/wp-json\/wp\/v2\/comments?post=957"}],"version-history":[{"count":10,"href":"https:\/\/www.vueloalmundo.com\/es\/wp-json\/wp\/v2\/pages\/957\/revisions"}],"predecessor-version":[{"id":972,"href":"https:\/\/www.vueloalmundo.com\/es\/wp-json\/wp\/v2\/pages\/957\/revisions\/972"}],"wp:attachment":[{"href":"https:\/\/www.vueloalmundo.com\/es\/wp-json\/wp\/v2\/media?parent=957"}],"curies":[{"name":"wp","href":"https:\/\/api.w.org\/{rel}","templated":true}]}}