{"id":933,"date":"2024-05-20T12:22:40","date_gmt":"2024-05-20T12:22:40","guid":{"rendered":"https:\/\/www.vueloalmundo.com\/?page_id=933"},"modified":"2024-05-20T12:35:27","modified_gmt":"2024-05-20T12:35:27","slug":"terms-and-conditions","status":"publish","type":"page","link":"https:\/\/www.vueloalmundo.com\/es\/terms-and-conditions\/","title":{"rendered":"T\u00e9rminos y condiciones"},"content":{"rendered":"<div data-elementor-type=\"wp-page\" data-elementor-id=\"933\" class=\"elementor elementor-933\" data-elementor-post-type=\"page\">\n\t\t\t\t\t\t<section class=\"elementor-section elementor-top-section elementor-element elementor-element-00a009a elementor-section-boxed elementor-section-height-default elementor-section-height-default\" data-id=\"00a009a\" data-element_type=\"section\">\n\t\t\t\t\t\t<div class=\"elementor-container elementor-column-gap-default\">\n\t\t\t\t\t<div class=\"elementor-column elementor-col-100 elementor-top-column elementor-element elementor-element-3688b34\" data-id=\"3688b34\" data-element_type=\"column\">\n\t\t\t<div class=\"elementor-widget-wrap elementor-element-populated\">\n\t\t\t\t\t\t<div class=\"elementor-element elementor-element-cbb24e8 PrivacyPolicy elementor-widget elementor-widget-text-editor\" data-id=\"cbb24e8\" data-element_type=\"widget\" data-widget_type=\"text-editor.default\">\n\t\t\t\t\t\t\t\t\t<h4><span style=\"color: #000000;\"><b>T\u00e9rminos y condiciones<\/b><\/span><\/h4><p><span style=\"color: #000000;\">Bienvenidos a Vueloalmundo. Al utilizar nuestro sitio web y nuestros servicios, usted acepta cumplir y estar sujeto a los siguientes t\u00e9rminos y condiciones.<\/span><\/p><h4><span style=\"color: #000000;\">Reservas y Reservas<\/span><\/h4><ul><li aria-level=\"1\"><span style=\"color: #000000;\">Precisi\u00f3n de la informaci\u00f3n: usted es responsable de garantizar la exactitud de la informaci\u00f3n proporcionada durante el proceso de reserva.<\/span><\/li><li aria-level=\"1\"><span style=\"color: #000000;\">Pago: Se requiere el pago total en el momento de la reserva, a menos que se indique lo contrario. Aceptamos las principales tarjetas de cr\u00e9dito, tarjetas de d\u00e9bito y PayPal.<\/span><\/li><li aria-level=\"1\"><span style=\"color: #000000;\">Confirmaci\u00f3n: Las confirmaciones de la reserva se enviar\u00e1n por correo electr\u00f3nico. Revise y aseg\u00farese de que todos los detalles sean correctos.<\/span><\/li><\/ul><h4><span style=\"color: #000000;\">Cancelaciones y cambios<\/span><\/h4><ul><li aria-level=\"1\"><span style=\"color: #000000;\">Pol\u00edtica de cancelaci\u00f3n: Las cancelaciones deben realizarse dentro de las 24 horas posteriores a la reserva para evitar penalizaciones. Despu\u00e9s de este per\u00edodo, se pueden aplicar cargos por cancelaci\u00f3n.<\/span><\/li><li aria-level=\"1\"><span style=\"color: #000000;\">Cambios en las reservas: Los cambios en las reservas est\u00e1n sujetos a disponibilidad y pueden generar cargos adicionales. Comun\u00edquese con nuestro servicio de atenci\u00f3n al cliente para obtener ayuda.<\/span><\/li><\/ul><h4><span style=\"color: #000000;\">Requisitos de viaje<\/span><\/h4><ul><li aria-level=\"1\"><span style=\"color: #000000;\">Documentaci\u00f3n: usted es responsable de asegurarse de tener los documentos de viaje necesarios, como pasaportes, visas e identificaci\u00f3n.<\/span><\/li><li aria-level=\"1\"><span style=\"color: #000000;\">Requisitos de Salud: Verifique y cumpla con los requisitos o avisos de salud para su destino.<\/span><\/li><\/ul><h4><span style=\"color: #000000;\">Limitaci\u00f3n de responsabilidad<\/span><\/h4><p><span style=\"color: #000000;\">Vueloalmundo no es responsable de ning\u00fan da\u00f1o directo, indirecto, incidental o consecuente que surja del uso de nuestros servicios, incluidos, entre otros, retrasos en los viajes, cancelaciones o cambios realizados por aerol\u00edneas u otros proveedores de servicios.<\/span><\/p><h4><span style=\"color: #000000;\">Ley que rige<\/span><\/h4><p><span style=\"color: #000000;\">Estos t\u00e9rminos y condiciones se rigen por las leyes de la jurisdicci\u00f3n en la que opera Vueloalmundo.<\/span><\/p><h4><span style=\"color: #000000;\">Cambios a los t\u00e9rminos y condiciones<\/span><\/h4><p><span style=\"color: #000000;\">Nos reservamos el derecho de actualizar o modificar estos t\u00e9rminos y condiciones en cualquier momento sin previo aviso. Cualquier cambio se publicar\u00e1 en esta p\u00e1gina.<\/span><\/p><h4><span style=\"color: #000000;\"><b>Cont\u00e1ctenos<\/b><\/span><\/h4><p><span style=\"color: #000000;\">Si tiene alguna pregunta sobre nuestros t\u00e9rminos y condiciones, cont\u00e1ctenos en agregar correo <b>electr\u00f3nico aqu\u00ed<\/b><\/span><\/p>\t\t\t\t\t\t\t\t<\/div>\n\t\t\t\t\t<\/div>\n\t\t<\/div>\n\t\t\t\t\t<\/div>\n\t\t<\/section>\n\t\t\t\t<\/div>","protected":false},"excerpt":{"rendered":"<p>Terms and Conditions Welcome to Vueloalmundo. By using our website and services, you agree to comply with and be bound [&hellip;]<\/p>","protected":false},"author":1,"featured_media":0,"parent":0,"menu_order":0,"comment_status":"closed","ping_status":"closed","template":"elementor_header_footer","meta":{"site-sidebar-layout":"no-sidebar","site-content-layout":"","ast-site-content-layout":"full-width-container","site-content-style":"default","site-sidebar-style":"default","ast-global-header-display":"","ast-banner-title-visibility":"","ast-main-header-display":"","ast-hfb-above-header-display":"","ast-hfb-below-header-display":"","ast-hfb-mobile-header-display":"","site-post-title":"disabled","ast-breadcrumbs-content":"","ast-featured-img":"disabled","footer-sml-layout":"","theme-transparent-header-meta":"default","adv-header-id-meta":"","stick-header-meta":"","header-above-stick-meta":"","header-main-stick-meta":"","header-below-stick-meta":"","astra-migrate-meta-layouts":"set","ast-page-background-enabled":"default","ast-page-background-meta":{"desktop":{"background-color":"var(--ast-global-color-4)","background-image":"","background-repeat":"repeat","background-position":"center center","background-size":"auto","background-attachment":"scroll","background-type":"","background-media":"","overlay-type":"","overlay-color":"","overlay-opacity":"","overlay-gradient":""},"tablet":{"background-color":"","background-image":"","background-repeat":"repeat","background-position":"center center","background-size":"auto","background-attachment":"scroll","background-type":"","background-media":"","overlay-type":"","overlay-color":"","overlay-opacity":"","overlay-gradient":""},"mobile":{"background-color":"","background-image":"","background-repeat":"repeat","background-position":"center center","background-size":"auto","background-attachment":"scroll","background-type":"","background-media":"","overlay-type":"","overlay-color":"","overlay-opacity":"","overlay-gradient":""}},"ast-content-background-meta":{"desktop":{"background-color":"var(--ast-global-color-5)","background-image":"","background-repeat":"repeat","background-position":"center center","background-size":"auto","background-attachment":"scroll","background-type":"","background-media":"","overlay-type":"","overlay-color":"","overlay-opacity":"","overlay-gradient":""},"tablet":{"background-color":"var(--ast-global-color-5)","background-image":"","background-repeat":"repeat","background-position":"center center","background-size":"auto","background-attachment":"scroll","background-type":"","background-media":"","overlay-type":"","overlay-color":"","overlay-opacity":"","overlay-gradient":""},"mobile":{"background-color":"var(--ast-global-color-5)","background-image":"","background-repeat":"repeat","background-position":"center center","background-size":"auto","background-attachment":"scroll","background-type":"","background-media":"","overlay-type":"","overlay-color":"","overlay-opacity":"","overlay-gradient":""}},"footnotes":""},"class_list":["post-933","page","type-page","status-publish","hentry"],"yoast_head":"<!-- This site is optimized with the Yoast SEO plugin v25.1 - https:\/\/yoast.com\/wordpress\/plugins\/seo\/ -->\n<title>Terms and Conditions - vueloalmundo<\/title>\n<meta name=\"robots\" content=\"index, follow, max-snippet:-1, max-image-preview:large, max-video-preview:-1\" \/>\n<link rel=\"canonical\" href=\"https:\/\/www.vueloalmundo.com\/es\/terms-and-conditions\/\" \/>\n<meta property=\"og:locale\" content=\"es_ES\" \/>\n<meta property=\"og:type\" content=\"article\" \/>\n<meta property=\"og:title\" content=\"Terms and Conditions - vueloalmundo\" \/>\n<meta property=\"og:description\" content=\"Terms and Conditions Welcome to Vueloalmundo. By using our website and services, you agree to comply with and be bound [&hellip;]\" \/>\n<meta property=\"og:url\" content=\"https:\/\/www.vueloalmundo.com\/es\/terms-and-conditions\/\" \/>\n<meta property=\"og:site_name\" content=\"vueloalmundo\" \/>\n<meta property=\"article:modified_time\" content=\"2024-05-20T12:35:27+00:00\" \/>\n<meta name=\"twitter:card\" content=\"summary_large_image\" \/>\n<meta name=\"twitter:label1\" content=\"Tiempo de lectura\" \/>\n\t<meta name=\"twitter:data1\" content=\"1 minuto\" \/>\n<script type=\"application\/ld+json\" class=\"yoast-schema-graph\">{\"@context\":\"https:\/\/schema.org\",\"@graph\":[{\"@type\":\"WebPage\",\"@id\":\"https:\/\/www.vueloalmundo.com\/terms-and-conditions\/\",\"url\":\"https:\/\/www.vueloalmundo.com\/terms-and-conditions\/\",\"name\":\"Terms and Conditions - vueloalmundo\",\"isPartOf\":{\"@id\":\"https:\/\/www.vueloalmundo.com\/es\/#website\"},\"datePublished\":\"2024-05-20T12:22:40+00:00\",\"dateModified\":\"2024-05-20T12:35:27+00:00\",\"breadcrumb\":{\"@id\":\"https:\/\/www.vueloalmundo.com\/terms-and-conditions\/#breadcrumb\"},\"inLanguage\":\"es\",\"potentialAction\":[{\"@type\":\"ReadAction\",\"target\":[\"https:\/\/www.vueloalmundo.com\/terms-and-conditions\/\"]}]},{\"@type\":\"BreadcrumbList\",\"@id\":\"https:\/\/www.vueloalmundo.com\/terms-and-conditions\/#breadcrumb\",\"itemListElement\":[{\"@type\":\"ListItem\",\"position\":1,\"name\":\"Home\",\"item\":\"https:\/\/www.vueloalmundo.com\/es\/\"},{\"@type\":\"ListItem\",\"position\":2,\"name\":\"Terms and Conditions\"}]},{\"@type\":\"WebSite\",\"@id\":\"https:\/\/www.vueloalmundo.com\/es\/#website\",\"url\":\"https:\/\/www.vueloalmundo.com\/es\/\",\"name\":\"vueloalmundo\",\"description\":\"\",\"potentialAction\":[{\"@type\":\"SearchAction\",\"target\":{\"@type\":\"EntryPoint\",\"urlTemplate\":\"https:\/\/www.vueloalmundo.com\/es\/?s={search_term_string}\"},\"query-input\":{\"@type\":\"PropertyValueSpecification\",\"valueRequired\":true,\"valueName\":\"search_term_string\"}}],\"inLanguage\":\"es\"}]}<\/script>\n<!-- \/ Yoast SEO plugin. -->","yoast_head_json":{"title":"Terms and Conditions - vueloalmundo","robots":{"index":"index","follow":"follow","max-snippet":"max-snippet:-1","max-image-preview":"max-image-preview:large","max-video-preview":"max-video-preview:-1"},"canonical":"https:\/\/www.vueloalmundo.com\/es\/terms-and-conditions\/","og_locale":"es_ES","og_type":"article","og_title":"Terms and Conditions - vueloalmundo","og_description":"Terms and Conditions Welcome to Vueloalmundo. By using our website and services, you agree to comply with and be bound [&hellip;]","og_url":"https:\/\/www.vueloalmundo.com\/es\/terms-and-conditions\/","og_site_name":"vueloalmundo","article_modified_time":"2024-05-20T12:35:27+00:00","twitter_card":"summary_large_image","twitter_misc":{"Tiempo de lectura":"1 minuto"},"schema":{"@context":"https:\/\/schema.org","@graph":[{"@type":"WebPage","@id":"https:\/\/www.vueloalmundo.com\/terms-and-conditions\/","url":"https:\/\/www.vueloalmundo.com\/terms-and-conditions\/","name":"Terms and Conditions - vueloalmundo","isPartOf":{"@id":"https:\/\/www.vueloalmundo.com\/es\/#website"},"datePublished":"2024-05-20T12:22:40+00:00","dateModified":"2024-05-20T12:35:27+00:00","breadcrumb":{"@id":"https:\/\/www.vueloalmundo.com\/terms-and-conditions\/#breadcrumb"},"inLanguage":"es","potentialAction":[{"@type":"ReadAction","target":["https:\/\/www.vueloalmundo.com\/terms-and-conditions\/"]}]},{"@type":"BreadcrumbList","@id":"https:\/\/www.vueloalmundo.com\/terms-and-conditions\/#breadcrumb","itemListElement":[{"@type":"ListItem","position":1,"name":"Home","item":"https:\/\/www.vueloalmundo.com\/es\/"},{"@type":"ListItem","position":2,"name":"Terms and Conditions"}]},{"@type":"WebSite","@id":"https:\/\/www.vueloalmundo.com\/es\/#website","url":"https:\/\/www.vueloalmundo.com\/es\/","name":"vueloalmundo","description":"","potentialAction":[{"@type":"SearchAction","target":{"@type":"EntryPoint","urlTemplate":"https:\/\/www.vueloalmundo.com\/es\/?s={search_term_string}"},"query-input":{"@type":"PropertyValueSpecification","valueRequired":true,"valueName":"search_term_string"}}],"inLanguage":"es"}]}},"_links":{"self":[{"href":"https:\/\/www.vueloalmundo.com\/es\/wp-json\/wp\/v2\/pages\/933","targetHints":{"allow":["GET"]}}],"collection":[{"href":"https:\/\/www.vueloalmundo.com\/es\/wp-json\/wp\/v2\/pages"}],"about":[{"href":"https:\/\/www.vueloalmundo.com\/es\/wp-json\/wp\/v2\/types\/page"}],"author":[{"embeddable":true,"href":"https:\/\/www.vueloalmundo.com\/es\/wp-json\/wp\/v2\/users\/1"}],"replies":[{"embeddable":true,"href":"https:\/\/www.vueloalmundo.com\/es\/wp-json\/wp\/v2\/comments?post=933"}],"version-history":[{"count":16,"href":"https:\/\/www.vueloalmundo.com\/es\/wp-json\/wp\/v2\/pages\/933\/revisions"}],"predecessor-version":[{"id":952,"href":"https:\/\/www.vueloalmundo.com\/es\/wp-json\/wp\/v2\/pages\/933\/revisions\/952"}],"wp:attachment":[{"href":"https:\/\/www.vueloalmundo.com\/es\/wp-json\/wp\/v2\/media?parent=933"}],"curies":[{"name":"wp","href":"https:\/\/api.w.org\/{rel}","templated":true}]}}