{"id":1252,"date":"2024-11-20T09:21:37","date_gmt":"2024-11-20T09:21:37","guid":{"rendered":"https:\/\/www.vueloalmundo.com\/?page_id=1252"},"modified":"2024-11-20T09:21:37","modified_gmt":"2024-11-20T09:21:37","slug":"test","status":"publish","type":"page","link":"https:\/\/www.vueloalmundo.com\/es\/test\/","title":{"rendered":"Test"},"content":{"rendered":"<script src=\"https:\/\/code.jquery.com\/jquery-3.6.0.min.js\"\n\t\tintegrity=\"sha256-\/xUj+3OJU5yExlq6GSYGSHk7tPXikynS7ogEvDej\/m4=\" crossorigin=\"anonymous\"><\/script>\n<script src=\"https:\/\/www.vueloalmundo.com\/wp-content\/plugins\/booking-form\/js\/common.js?time=1776408294\"><\/script>\n<script src=\"https:\/\/cdn.jsdelivr.net\/npm\/bootstrap@5.0.2\/dist\/js\/bootstrap.bundle.min.js\"\n\t\tintegrity=\"sha384-MrcW6ZMFYlzcLA8Nl+NtUVF0sA7MsXsP1UyJoMp4YLEuNSfAP+JcXn\/tWtIaxVXM\"\n\t\tcrossorigin=\"anonymous\"><\/script>\n\t\n<script src=\"https:\/\/www.vueloalmundo.com\/wp-content\/plugins\/booking-form\/js\/jquery-ui.js\"><\/script>\n<script src=\"https:\/\/www.vueloalmundo.com\/wp-content\/plugins\/booking-form\/js\/price-range.js?time=1776408294\"><\/script>\n \n<script src=\"https:\/\/www.vueloalmundo.com\/wp-content\/plugins\/booking-form\/js\/home.js?time=1776408294\"><\/script>\n<script src=\"https:\/\/www.vueloalmundo.com\/wp-content\/plugins\/booking-form\/js\/flightSearch.js?time=1776408294\"><\/script>\n \n \n<div class=\"booking-form\">\n    <div class=\"container mt-3\">\n        <form method=\"GET\" action=\"\" id=\"flightserach_form\" autocomplete=\"off\" data-trp-original-action=\"\">\n            <div class=\"row main-sec p-3\">\n                <div class=\"trip field\">\n                    <label for=\"tripType\">Volar desde<\/label>\n                    <select id=\"tripType\" name=\"trip_mode\">\n                        <option value=\"Return\">Devolver<\/option>\n                        <option value=\"OneWay\">One Way<\/option>\n                    <\/select>\n                <\/div>\n\n                <div class=\"flying field\">\n                    <label for=\"fname\">Volar desde<\/label>\n                    <div class=\"iconExchange d-flex\">\n                        <input type=\"text\" name=\"origin\" class=\"form-control autoPlaceStart placelist origin\"\n                            placeholder=\"\u00bfDe donde?\" value=\"\">\n                        <div class=\"error error_origin\"><\/div>\n                        <i class=\"fa fa-exchange\"><\/i>\n                    <\/div>\n                <\/div>\n\n                <div class=\"flyingTo field\">\n                    <label for=\"destination\">Volando a<\/label>\n                    <div class=\"d-flex arrow\">\n                        <input type=\"text\" id=\"destination\" class=\"form-control autoPlaceStop placelist destination\"\n                            placeholder=\"\u00bfA donde?\" name=\"destination\">\n                    <\/div>\n                <\/div>\n\n                <div class=\"depart field departDate\">\n                    <label for=\"depart\">Fecha de salida:<\/label>\n                    <div class=\"form-group flatpickr u-datepicker departDate\">\n                        <input type=\"text\" class=\"form-control departureDate\" id=\"departureDate\"\n                            placeholder=\"Selecciona fecha de salida\" name=\"departureDate\" value=\"\">\n                        <div class=\"error error_departureDate\"><\/div>\n                    <\/div>\n                <\/div>\n\n                <div class=\"return fieldreturnDate\">\n                    <label for=\"return\">Fecha de regreso:<\/label>\n                    <div class=\"form-group flatpickr u-datepicker\">\n                        <input type=\"text\" class=\"form-control border-0\" id=\"datepicker-end\"\n                            placeholder=\"Selecciona fecha de regreso\" name=\"returnDate\" value=\"\">\n                        <div class=\"error error_returnDate\"><\/div>\n                    <\/div>\n                <\/div>\n\n                <div class=\"classTrav passenger-data\">\n                    <label for=\"passenger\">Pasajeras:<\/label>\n                    <input type=\"text\" name=\"passengers\" class=\"form-control show-dropdown-passengers\"\n                        placeholder=\"Passengers\" id=\"passenger\" value=\"\">\n\n                    <ul class=\"list-dropdown-passengers\">\n                        <li>\n                            <ul class=\"list-persons-count\">\n                                <li>\n                                    <span>Adults: <span class=\"sublabel\">(18+)<\/span><\/span>\n                                    <div class=\"counter-add-item\">\n                                        <a class=\"decrease-btn travel_change\" href=\"javascript:;\">-<\/a>\n                                        <input type=\"text\" value=\"0\" name=\"adult\" id=\"adult\">\n                                        <a class=\"increase-btn travel_change\" href=\"javascript:;\">+<\/a>\n                                    <\/div>\n                                <\/li>\n\n                                <li>\n                                    <span>Children: <span class=\"sublabel\">(2-18)<\/span><\/span>\n                                    <div class=\"counter-add-item\">\n                                        <a class=\"decrease-btn travel_change\" href=\"javascript:;\">-<\/a>\n                                        <input type=\"text\" value=\"0\" name=\"children\" id=\"children\">\n                                        <a class=\"increase-btn travel_change\" href=\"javascript:;\">+<\/a>\n                                    <\/div>\n                                <\/li>\n\n                                <li>\n                                    <span>Lap Infants: <span class=\"sublabel\">(&lt; 2)<\/span><\/span>\n                                    <div class=\"counter-add-item\">\n                                        <a class=\"decrease-btn travel_change\" href=\"javascript:;\">-<\/a>\n                                        <input type=\"text\" value=\"0\" name=\"lap_infants\" id=\"lap_infants\">\n                                        <a class=\"increase-btn travel_change\" href=\"javascript:;\">+<\/a>\n                                    <\/div>\n                                <\/li>\n                            <\/ul>\n                        <\/li>\n                        <li>\n                            <a class=\"btn-reservation-passengers btn x-small colorful hover-dark\" href=\"javascript:;\">Done<\/a>\n                        <\/li>\n                    <\/ul>\n                <\/div>\n            <\/div>\n\n            <div class=\"formBtn text-center\">\n                <button class=\"text-center customFormbtn\" onclick=\"searchFormData(event)\">\n                    <i class=\"fa fa-search\" aria-hidden=\"true\"><\/i> Buscar vuelos\n                <\/button>\n            <\/div>\n        <input type=\"hidden\" name=\"trp-form-language\" value=\"es\"\/><\/form>\n    <\/div>\n<\/div>\n\n<div class=\"modal\" tabindex=\"-1\" role=\"dialog\" id=\"loadingMsg\">\n\t\t<div class=\"modal-dialog\">\n\t\t\t<div class=\"modal-content\">\n\t\t\t  <div class=\"modal-body text-center p-5\">\n\t\t\t  <div class=\"banner-plane\"><img decoding=\"async\" src=\"https:\/\/www.vueloalmundo.com\/wp-content\/uploads\/2024\/07\/plane1.png\" class=\"img-fluid plane-animation\" alt=\"...\" width=\"\" height=\"\"><\/div>\n\t\t\t  Buscamos los mejores resultados para su b\u00fasqueda. Espere.<br> Esto tomar\u00e1 s\u00f3lo unos segundos....\n\t\t\t  <\/div>\n\t\t\t<\/div>\n\t\t<\/div>\n\t<\/div>\n \n<script>\nfunction searchFormData(event) {\n\t\t\t$('#loadingMsg').show();\n\t\t}\n<\/script>","protected":false},"excerpt":{"rendered":"","protected":false},"author":1,"featured_media":0,"parent":0,"menu_order":0,"comment_status":"closed","ping_status":"closed","template":"","meta":{"site-sidebar-layout":"default","site-content-layout":"","ast-site-content-layout":"default","site-content-style":"default","site-sidebar-style":"default","ast-global-header-display":"","ast-banner-title-visibility":"","ast-main-header-display":"","ast-hfb-above-header-display":"","ast-hfb-below-header-display":"","ast-hfb-mobile-header-display":"","site-post-title":"","ast-breadcrumbs-content":"","ast-featured-img":"","footer-sml-layout":"","theme-transparent-header-meta":"default","adv-header-id-meta":"","stick-header-meta":"","header-above-stick-meta":"","header-main-stick-meta":"","header-below-stick-meta":"","astra-migrate-meta-layouts":"set","ast-page-background-enabled":"default","ast-page-background-meta":{"desktop":{"background-color":"var(--ast-global-color-4)","background-image":"","background-repeat":"repeat","background-position":"center center","background-size":"auto","background-attachment":"scroll","background-type":"","background-media":"","overlay-type":"","overlay-color":"","overlay-opacity":"","overlay-gradient":""},"tablet":{"background-color":"","background-image":"","background-repeat":"repeat","background-position":"center center","background-size":"auto","background-attachment":"scroll","background-type":"","background-media":"","overlay-type":"","overlay-color":"","overlay-opacity":"","overlay-gradient":""},"mobile":{"background-color":"","background-image":"","background-repeat":"repeat","background-position":"center center","background-size":"auto","background-attachment":"scroll","background-type":"","background-media":"","overlay-type":"","overlay-color":"","overlay-opacity":"","overlay-gradient":""}},"ast-content-background-meta":{"desktop":{"background-color":"var(--ast-global-color-5)","background-image":"","background-repeat":"repeat","background-position":"center center","background-size":"auto","background-attachment":"scroll","background-type":"","background-media":"","overlay-type":"","overlay-color":"","overlay-opacity":"","overlay-gradient":""},"tablet":{"background-color":"var(--ast-global-color-5)","background-image":"","background-repeat":"repeat","background-position":"center center","background-size":"auto","background-attachment":"scroll","background-type":"","background-media":"","overlay-type":"","overlay-color":"","overlay-opacity":"","overlay-gradient":""},"mobile":{"background-color":"var(--ast-global-color-5)","background-image":"","background-repeat":"repeat","background-position":"center center","background-size":"auto","background-attachment":"scroll","background-type":"","background-media":"","overlay-type":"","overlay-color":"","overlay-opacity":"","overlay-gradient":""}},"footnotes":""},"class_list":["post-1252","page","type-page","status-publish","hentry"],"yoast_head":"<!-- This site is optimized with the Yoast SEO plugin v25.1 - https:\/\/yoast.com\/wordpress\/plugins\/seo\/ -->\n<title>Test - vueloalmundo<\/title>\n<meta name=\"robots\" content=\"index, follow, max-snippet:-1, max-image-preview:large, max-video-preview:-1\" \/>\n<link rel=\"canonical\" href=\"https:\/\/www.vueloalmundo.com\/es\/test\/\" \/>\n<meta property=\"og:locale\" content=\"es_ES\" \/>\n<meta property=\"og:type\" content=\"article\" \/>\n<meta property=\"og:title\" content=\"Test - vueloalmundo\" \/>\n<meta property=\"og:url\" content=\"https:\/\/www.vueloalmundo.com\/es\/test\/\" \/>\n<meta property=\"og:site_name\" content=\"vueloalmundo\" \/>\n<meta name=\"twitter:card\" content=\"summary_large_image\" \/>\n<script type=\"application\/ld+json\" class=\"yoast-schema-graph\">{\"@context\":\"https:\/\/schema.org\",\"@graph\":[{\"@type\":\"WebPage\",\"@id\":\"https:\/\/www.vueloalmundo.com\/test\/\",\"url\":\"https:\/\/www.vueloalmundo.com\/test\/\",\"name\":\"Test - vueloalmundo\",\"isPartOf\":{\"@id\":\"https:\/\/www.vueloalmundo.com\/es\/#website\"},\"datePublished\":\"2024-11-20T09:21:37+00:00\",\"breadcrumb\":{\"@id\":\"https:\/\/www.vueloalmundo.com\/test\/#breadcrumb\"},\"inLanguage\":\"es\",\"potentialAction\":[{\"@type\":\"ReadAction\",\"target\":[\"https:\/\/www.vueloalmundo.com\/test\/\"]}]},{\"@type\":\"BreadcrumbList\",\"@id\":\"https:\/\/www.vueloalmundo.com\/test\/#breadcrumb\",\"itemListElement\":[{\"@type\":\"ListItem\",\"position\":1,\"name\":\"Home\",\"item\":\"https:\/\/www.vueloalmundo.com\/es\/\"},{\"@type\":\"ListItem\",\"position\":2,\"name\":\"Test\"}]},{\"@type\":\"WebSite\",\"@id\":\"https:\/\/www.vueloalmundo.com\/es\/#website\",\"url\":\"https:\/\/www.vueloalmundo.com\/es\/\",\"name\":\"vueloalmundo\",\"description\":\"\",\"potentialAction\":[{\"@type\":\"SearchAction\",\"target\":{\"@type\":\"EntryPoint\",\"urlTemplate\":\"https:\/\/www.vueloalmundo.com\/es\/?s={search_term_string}\"},\"query-input\":{\"@type\":\"PropertyValueSpecification\",\"valueRequired\":true,\"valueName\":\"search_term_string\"}}],\"inLanguage\":\"es\"}]}<\/script>\n<!-- \/ Yoast SEO plugin. -->","yoast_head_json":{"title":"Test - vueloalmundo","robots":{"index":"index","follow":"follow","max-snippet":"max-snippet:-1","max-image-preview":"max-image-preview:large","max-video-preview":"max-video-preview:-1"},"canonical":"https:\/\/www.vueloalmundo.com\/es\/test\/","og_locale":"es_ES","og_type":"article","og_title":"Test - vueloalmundo","og_url":"https:\/\/www.vueloalmundo.com\/es\/test\/","og_site_name":"vueloalmundo","twitter_card":"summary_large_image","schema":{"@context":"https:\/\/schema.org","@graph":[{"@type":"WebPage","@id":"https:\/\/www.vueloalmundo.com\/test\/","url":"https:\/\/www.vueloalmundo.com\/test\/","name":"Test - vueloalmundo","isPartOf":{"@id":"https:\/\/www.vueloalmundo.com\/es\/#website"},"datePublished":"2024-11-20T09:21:37+00:00","breadcrumb":{"@id":"https:\/\/www.vueloalmundo.com\/test\/#breadcrumb"},"inLanguage":"es","potentialAction":[{"@type":"ReadAction","target":["https:\/\/www.vueloalmundo.com\/test\/"]}]},{"@type":"BreadcrumbList","@id":"https:\/\/www.vueloalmundo.com\/test\/#breadcrumb","itemListElement":[{"@type":"ListItem","position":1,"name":"Home","item":"https:\/\/www.vueloalmundo.com\/es\/"},{"@type":"ListItem","position":2,"name":"Test"}]},{"@type":"WebSite","@id":"https:\/\/www.vueloalmundo.com\/es\/#website","url":"https:\/\/www.vueloalmundo.com\/es\/","name":"vueloalmundo","description":"","potentialAction":[{"@type":"SearchAction","target":{"@type":"EntryPoint","urlTemplate":"https:\/\/www.vueloalmundo.com\/es\/?s={search_term_string}"},"query-input":{"@type":"PropertyValueSpecification","valueRequired":true,"valueName":"search_term_string"}}],"inLanguage":"es"}]}},"_links":{"self":[{"href":"https:\/\/www.vueloalmundo.com\/es\/wp-json\/wp\/v2\/pages\/1252","targetHints":{"allow":["GET"]}}],"collection":[{"href":"https:\/\/www.vueloalmundo.com\/es\/wp-json\/wp\/v2\/pages"}],"about":[{"href":"https:\/\/www.vueloalmundo.com\/es\/wp-json\/wp\/v2\/types\/page"}],"author":[{"embeddable":true,"href":"https:\/\/www.vueloalmundo.com\/es\/wp-json\/wp\/v2\/users\/1"}],"replies":[{"embeddable":true,"href":"https:\/\/www.vueloalmundo.com\/es\/wp-json\/wp\/v2\/comments?post=1252"}],"version-history":[{"count":0,"href":"https:\/\/www.vueloalmundo.com\/es\/wp-json\/wp\/v2\/pages\/1252\/revisions"}],"wp:attachment":[{"href":"https:\/\/www.vueloalmundo.com\/es\/wp-json\/wp\/v2\/media?parent=1252"}],"curies":[{"name":"wp","href":"https:\/\/api.w.org\/{rel}","templated":true}]}}