{"id":1040,"date":"2024-05-21T09:53:42","date_gmt":"2024-05-21T09:53:42","guid":{"rendered":"https:\/\/www.vueloalmundo.com\/?page_id=1040"},"modified":"2024-05-21T09:54:53","modified_gmt":"2024-05-21T09:54:53","slug":"plane-tickets","status":"publish","type":"page","link":"https:\/\/www.vueloalmundo.com\/es\/plane-tickets\/","title":{"rendered":"Boletos de avi\u00f3n"},"content":{"rendered":"<div data-elementor-type=\"wp-page\" data-elementor-id=\"1040\" class=\"elementor elementor-1040\" data-elementor-post-type=\"page\">\n\t\t\t\t\t\t<section class=\"elementor-section elementor-top-section elementor-element elementor-element-00a009a elementor-section-boxed elementor-section-height-default elementor-section-height-default\" data-id=\"00a009a\" data-element_type=\"section\">\n\t\t\t\t\t\t<div class=\"elementor-container elementor-column-gap-default\">\n\t\t\t\t\t<div class=\"elementor-column elementor-col-100 elementor-top-column elementor-element elementor-element-3688b34\" data-id=\"3688b34\" data-element_type=\"column\">\n\t\t\t<div class=\"elementor-widget-wrap elementor-element-populated\">\n\t\t\t\t\t\t<div class=\"elementor-element elementor-element-cbb24e8 PrivacyPolicy elementor-widget elementor-widget-text-editor\" data-id=\"cbb24e8\" data-element_type=\"widget\" data-widget_type=\"text-editor.default\">\n\t\t\t\t\t\t\t\t\t<h2><span style=\"color: #000000;\"><b>Boletos de avi\u00f3n<br \/><\/b><\/span><\/h2><p>Los viajeros quieren asegurarse de poder conseguir billetes de avi\u00f3n asequibles. Es de ayuda para cualquier viajero que quiera realizar un viaje y est\u00e9 preocupado por el coste del vuelo.<\/p><p>Si eres flexible con las fechas y horarios de tu viaje, es f\u00e1cil conseguir un descuento en tus billetes de avi\u00f3n. Un vuelo entre semana normalmente cuesta menos, especialmente los martes y mi\u00e9rcoles, que un vuelo de fin de semana. Adem\u00e1s, se recomienda elegir vuelos planificados para las horas de menor actividad, por ejemplo temprano en la ma\u00f1ana o tarde en la noche.<\/p><p>Los sitios de reserva de comparaci\u00f3n son extremadamente \u00fatiles para encontrar las mejores ofertas en pasajes a\u00e9reos. Herramientas como Skyscanner, Kayak y Google Flights le permiten buscar las opciones de vuelo m\u00e1s baratas en m\u00faltiples aerol\u00edneas y agencias de viajes en l\u00ednea. Se pueden configurar alertas de precios para informarle cuando los boletos est\u00e9n baratos para que no se pierda las buenas ofertas.<\/p><p>Otra opci\u00f3n a considerar es reservar en aerol\u00edneas econ\u00f3micas que ofrecen tarifas m\u00e1s econ\u00f3micas en comparaci\u00f3n con las principales aerol\u00edneas. Estas aerol\u00edneas incluyen Ryanair, EasyJet, Spirit, etc., que ofrecen servicios de bajo costo. Sin embargo, es importante tener en cuenta que las aerol\u00edneas suelen cobrar tarifas adicionales por transportar equipaje adicional y por la selecci\u00f3n de asientos, entre otras tarifas, pero los costos siguen siendo muy asequibles en comparaci\u00f3n con otras aerol\u00edneas.<\/p><p>Incluso aprovechar ofertas de \u00faltima hora o comprar los billetes de avi\u00f3n con antelaci\u00f3n tambi\u00e9n puede ser una decisi\u00f3n acertada. De vez en cuando, las compa\u00f1\u00edas a\u00e9reas ofrecen tarifas promocionales y ventas flash, lo que puede ser una muy buena manera de ahorrar mucho dinero si uno desea saber cu\u00e1ndo estar\u00e1n disponibles esas oportunidades.<\/p><p>El proceso de obtenci\u00f3n de billetes de avi\u00f3n baratos es bastante complicado e incluye los elementos de elecci\u00f3n, b\u00fasqueda y suerte. As\u00ed, el uso de servicios de comparaci\u00f3n de vuelos, la elecci\u00f3n de aerol\u00edneas de bajo coste y el seguimiento de promociones son formas de ahorrar dinero y hacer que su viaje sea m\u00e1s asequible.<\/p>\t\t\t\t\t\t\t\t<\/div>\n\t\t\t\t\t<\/div>\n\t\t<\/div>\n\t\t\t\t\t<\/div>\n\t\t<\/section>\n\t\t\t\t<\/div>","protected":false},"excerpt":{"rendered":"<p>Plane Tickets Travelers want to make sure they can get affordable tickets for flights. It is helpful for any traveler [&hellip;]<\/p>","protected":false},"author":1,"featured_media":0,"parent":0,"menu_order":0,"comment_status":"closed","ping_status":"closed","template":"elementor_header_footer","meta":{"site-sidebar-layout":"no-sidebar","site-content-layout":"","ast-site-content-layout":"full-width-container","site-content-style":"default","site-sidebar-style":"default","ast-global-header-display":"","ast-banner-title-visibility":"","ast-main-header-display":"","ast-hfb-above-header-display":"","ast-hfb-below-header-display":"","ast-hfb-mobile-header-display":"","site-post-title":"disabled","ast-breadcrumbs-content":"","ast-featured-img":"disabled","footer-sml-layout":"","theme-transparent-header-meta":"default","adv-header-id-meta":"","stick-header-meta":"","header-above-stick-meta":"","header-main-stick-meta":"","header-below-stick-meta":"","astra-migrate-meta-layouts":"set","ast-page-background-enabled":"default","ast-page-background-meta":{"desktop":{"background-color":"var(--ast-global-color-4)","background-image":"","background-repeat":"repeat","background-position":"center center","background-size":"auto","background-attachment":"scroll","background-type":"","background-media":"","overlay-type":"","overlay-color":"","overlay-opacity":"","overlay-gradient":""},"tablet":{"background-color":"","background-image":"","background-repeat":"repeat","background-position":"center center","background-size":"auto","background-attachment":"scroll","background-type":"","background-media":"","overlay-type":"","overlay-color":"","overlay-opacity":"","overlay-gradient":""},"mobile":{"background-color":"","background-image":"","background-repeat":"repeat","background-position":"center center","background-size":"auto","background-attachment":"scroll","background-type":"","background-media":"","overlay-type":"","overlay-color":"","overlay-opacity":"","overlay-gradient":""}},"ast-content-background-meta":{"desktop":{"background-color":"var(--ast-global-color-5)","background-image":"","background-repeat":"repeat","background-position":"center center","background-size":"auto","background-attachment":"scroll","background-type":"","background-media":"","overlay-type":"","overlay-color":"","overlay-opacity":"","overlay-gradient":""},"tablet":{"background-color":"var(--ast-global-color-5)","background-image":"","background-repeat":"repeat","background-position":"center center","background-size":"auto","background-attachment":"scroll","background-type":"","background-media":"","overlay-type":"","overlay-color":"","overlay-opacity":"","overlay-gradient":""},"mobile":{"background-color":"var(--ast-global-color-5)","background-image":"","background-repeat":"repeat","background-position":"center center","background-size":"auto","background-attachment":"scroll","background-type":"","background-media":"","overlay-type":"","overlay-color":"","overlay-opacity":"","overlay-gradient":""}},"footnotes":""},"class_list":["post-1040","page","type-page","status-publish","hentry"],"yoast_head":"<!-- This site is optimized with the Yoast SEO plugin v25.1 - https:\/\/yoast.com\/wordpress\/plugins\/seo\/ -->\n<title>Plane Tickets - vueloalmundo<\/title>\n<meta name=\"robots\" content=\"index, follow, max-snippet:-1, max-image-preview:large, max-video-preview:-1\" \/>\n<link rel=\"canonical\" href=\"https:\/\/www.vueloalmundo.com\/es\/plane-tickets\/\" \/>\n<meta property=\"og:locale\" content=\"es_ES\" \/>\n<meta property=\"og:type\" content=\"article\" \/>\n<meta property=\"og:title\" content=\"Plane Tickets - vueloalmundo\" \/>\n<meta property=\"og:description\" content=\"Plane Tickets Travelers want to make sure they can get affordable tickets for flights. It is helpful for any traveler [&hellip;]\" \/>\n<meta property=\"og:url\" content=\"https:\/\/www.vueloalmundo.com\/es\/plane-tickets\/\" \/>\n<meta property=\"og:site_name\" content=\"vueloalmundo\" \/>\n<meta property=\"article:modified_time\" content=\"2024-05-21T09:54:53+00:00\" \/>\n<meta name=\"twitter:card\" content=\"summary_large_image\" \/>\n<meta name=\"twitter:label1\" content=\"Tiempo de lectura\" \/>\n\t<meta name=\"twitter:data1\" content=\"2 minutos\" \/>\n<script type=\"application\/ld+json\" class=\"yoast-schema-graph\">{\"@context\":\"https:\/\/schema.org\",\"@graph\":[{\"@type\":\"WebPage\",\"@id\":\"https:\/\/www.vueloalmundo.com\/plane-tickets\/\",\"url\":\"https:\/\/www.vueloalmundo.com\/plane-tickets\/\",\"name\":\"Plane Tickets - vueloalmundo\",\"isPartOf\":{\"@id\":\"https:\/\/www.vueloalmundo.com\/es\/#website\"},\"datePublished\":\"2024-05-21T09:53:42+00:00\",\"dateModified\":\"2024-05-21T09:54:53+00:00\",\"breadcrumb\":{\"@id\":\"https:\/\/www.vueloalmundo.com\/plane-tickets\/#breadcrumb\"},\"inLanguage\":\"es\",\"potentialAction\":[{\"@type\":\"ReadAction\",\"target\":[\"https:\/\/www.vueloalmundo.com\/plane-tickets\/\"]}]},{\"@type\":\"BreadcrumbList\",\"@id\":\"https:\/\/www.vueloalmundo.com\/plane-tickets\/#breadcrumb\",\"itemListElement\":[{\"@type\":\"ListItem\",\"position\":1,\"name\":\"Home\",\"item\":\"https:\/\/www.vueloalmundo.com\/es\/\"},{\"@type\":\"ListItem\",\"position\":2,\"name\":\"Plane Tickets\"}]},{\"@type\":\"WebSite\",\"@id\":\"https:\/\/www.vueloalmundo.com\/es\/#website\",\"url\":\"https:\/\/www.vueloalmundo.com\/es\/\",\"name\":\"vueloalmundo\",\"description\":\"\",\"potentialAction\":[{\"@type\":\"SearchAction\",\"target\":{\"@type\":\"EntryPoint\",\"urlTemplate\":\"https:\/\/www.vueloalmundo.com\/es\/?s={search_term_string}\"},\"query-input\":{\"@type\":\"PropertyValueSpecification\",\"valueRequired\":true,\"valueName\":\"search_term_string\"}}],\"inLanguage\":\"es\"}]}<\/script>\n<!-- \/ Yoast SEO plugin. -->","yoast_head_json":{"title":"Plane Tickets - vueloalmundo","robots":{"index":"index","follow":"follow","max-snippet":"max-snippet:-1","max-image-preview":"max-image-preview:large","max-video-preview":"max-video-preview:-1"},"canonical":"https:\/\/www.vueloalmundo.com\/es\/plane-tickets\/","og_locale":"es_ES","og_type":"article","og_title":"Plane Tickets - vueloalmundo","og_description":"Plane Tickets Travelers want to make sure they can get affordable tickets for flights. It is helpful for any traveler [&hellip;]","og_url":"https:\/\/www.vueloalmundo.com\/es\/plane-tickets\/","og_site_name":"vueloalmundo","article_modified_time":"2024-05-21T09:54:53+00:00","twitter_card":"summary_large_image","twitter_misc":{"Tiempo de lectura":"2 minutos"},"schema":{"@context":"https:\/\/schema.org","@graph":[{"@type":"WebPage","@id":"https:\/\/www.vueloalmundo.com\/plane-tickets\/","url":"https:\/\/www.vueloalmundo.com\/plane-tickets\/","name":"Plane Tickets - vueloalmundo","isPartOf":{"@id":"https:\/\/www.vueloalmundo.com\/es\/#website"},"datePublished":"2024-05-21T09:53:42+00:00","dateModified":"2024-05-21T09:54:53+00:00","breadcrumb":{"@id":"https:\/\/www.vueloalmundo.com\/plane-tickets\/#breadcrumb"},"inLanguage":"es","potentialAction":[{"@type":"ReadAction","target":["https:\/\/www.vueloalmundo.com\/plane-tickets\/"]}]},{"@type":"BreadcrumbList","@id":"https:\/\/www.vueloalmundo.com\/plane-tickets\/#breadcrumb","itemListElement":[{"@type":"ListItem","position":1,"name":"Home","item":"https:\/\/www.vueloalmundo.com\/es\/"},{"@type":"ListItem","position":2,"name":"Plane Tickets"}]},{"@type":"WebSite","@id":"https:\/\/www.vueloalmundo.com\/es\/#website","url":"https:\/\/www.vueloalmundo.com\/es\/","name":"vueloalmundo","description":"","potentialAction":[{"@type":"SearchAction","target":{"@type":"EntryPoint","urlTemplate":"https:\/\/www.vueloalmundo.com\/es\/?s={search_term_string}"},"query-input":{"@type":"PropertyValueSpecification","valueRequired":true,"valueName":"search_term_string"}}],"inLanguage":"es"}]}},"_links":{"self":[{"href":"https:\/\/www.vueloalmundo.com\/es\/wp-json\/wp\/v2\/pages\/1040","targetHints":{"allow":["GET"]}}],"collection":[{"href":"https:\/\/www.vueloalmundo.com\/es\/wp-json\/wp\/v2\/pages"}],"about":[{"href":"https:\/\/www.vueloalmundo.com\/es\/wp-json\/wp\/v2\/types\/page"}],"author":[{"embeddable":true,"href":"https:\/\/www.vueloalmundo.com\/es\/wp-json\/wp\/v2\/users\/1"}],"replies":[{"embeddable":true,"href":"https:\/\/www.vueloalmundo.com\/es\/wp-json\/wp\/v2\/comments?post=1040"}],"version-history":[{"count":4,"href":"https:\/\/www.vueloalmundo.com\/es\/wp-json\/wp\/v2\/pages\/1040\/revisions"}],"predecessor-version":[{"id":1044,"href":"https:\/\/www.vueloalmundo.com\/es\/wp-json\/wp\/v2\/pages\/1040\/revisions\/1044"}],"wp:attachment":[{"href":"https:\/\/www.vueloalmundo.com\/es\/wp-json\/wp\/v2\/media?parent=1040"}],"curies":[{"name":"wp","href":"https:\/\/api.w.org\/{rel}","templated":true}]}}