{"id":1033,"date":"2024-05-21T09:48:02","date_gmt":"2024-05-21T09:48:02","guid":{"rendered":"https:\/\/www.vueloalmundo.com\/?page_id=1033"},"modified":"2024-05-21T09:48:09","modified_gmt":"2024-05-21T09:48:09","slug":"cheap-flights","status":"publish","type":"page","link":"https:\/\/www.vueloalmundo.com\/es\/cheap-flights\/","title":{"rendered":"Vuelos baratos"},"content":{"rendered":"<div data-elementor-type=\"wp-page\" data-elementor-id=\"1033\" class=\"elementor elementor-1033\" data-elementor-post-type=\"page\">\n\t\t\t\t\t\t<section class=\"elementor-section elementor-top-section elementor-element elementor-element-00a009a elementor-section-boxed elementor-section-height-default elementor-section-height-default\" data-id=\"00a009a\" data-element_type=\"section\">\n\t\t\t\t\t\t<div class=\"elementor-container elementor-column-gap-default\">\n\t\t\t\t\t<div class=\"elementor-column elementor-col-100 elementor-top-column elementor-element elementor-element-3688b34\" data-id=\"3688b34\" data-element_type=\"column\">\n\t\t\t<div class=\"elementor-widget-wrap elementor-element-populated\">\n\t\t\t\t\t\t<div class=\"elementor-element elementor-element-cbb24e8 PrivacyPolicy elementor-widget elementor-widget-text-editor\" data-id=\"cbb24e8\" data-element_type=\"widget\" data-widget_type=\"text-editor.default\">\n\t\t\t\t\t\t\t\t\t<h2><span style=\"color: #000000;\"><b>Vuelos baratos<\/b><\/span><\/h2><p>Un vuelo barato es muy importante para cualquier viajero que desee viajar alrededor del mundo sin necesariamente quemarse el bolsillo. Es posible evitar comprar billetes caros y reservar una cierta cantidad de dinero para otros gastos.<\/p><p>La forma m\u00e1s eficaz de conseguir un billete m\u00e1s barato es ser flexible con las fechas de viaje. Es recomendable coger vuelos entre semana o temprano en la ma\u00f1ana o tarde en la noche y pagas menos. Adem\u00e1s, la temporada baja tambi\u00e9n presenta una buena oportunidad para que los viajeros ahorren dinero, ya que la demanda de vuelos es baja y las aerol\u00edneas reducen sus precios para atraer m\u00e1s clientes.<\/p><p>La mejor manera de hacerlo es utilizar algunos de los sitios web de comparaci\u00f3n de vuelos disponibles en Internet que le facilitar\u00e1n la b\u00fasqueda de las mejores ofertas de vuelos. Sitios web como Skyscanner, Kayak y Google Flights ayudan a comparar precios entre m\u00faltiples aerol\u00edneas y plataformas de reserva. Tambi\u00e9n brindan beneficios como cambios de precio, que le informan cuando el precio del boleto disminuye para su destino preferido.<\/p><p>Las aerol\u00edneas de bajo coste son una excelente forma de viajar econ\u00f3mico. Por ejemplo, las tarifas son relativamente bajas para Spirit, Frontier y Southwest Airlines, especialmente para vuelos nacionales. Estas aerol\u00edneas no incluyen equipaje facturado gratuito ni selecci\u00f3n de asiento, pero el costo del boleto suele ser menor que el de las aerol\u00edneas tradicionales.<\/p><p>Adem\u00e1s, reservar con antelaci\u00f3n o comprar un billete de \u00faltima hora le ayudar\u00e1 a encontrar un billete barato. Otro consejo es que las aerol\u00edneas ofrecen frecuentemente promociones especiales y descuentos en vuelos de corta duraci\u00f3n; por lo tanto, consultar con frecuencia los sitios web de las aerol\u00edneas puede ayudar a ahorrar mucho dinero en billetes.<\/p><p>Encontrar vuelos baratos requiere una combinaci\u00f3n de flexibilidad, investigaci\u00f3n y sincronizaci\u00f3n. Al utilizar herramientas de comparaci\u00f3n, considerar aerol\u00edneas de bajo costo y estar atento a ofertas especiales, puede viajar de manera m\u00e1s asequible y aprovechar al m\u00e1ximo su presupuesto de viaje.<\/p><p>\u00a0<\/p>\t\t\t\t\t\t\t\t<\/div>\n\t\t\t\t\t<\/div>\n\t\t<\/div>\n\t\t\t\t\t<\/div>\n\t\t<\/section>\n\t\t\t\t<\/div>","protected":false},"excerpt":{"rendered":"<p>Cheap Flights A cheap flight is very important to any traveler who desires to travel around the world without necessarily [&hellip;]<\/p>","protected":false},"author":1,"featured_media":0,"parent":0,"menu_order":0,"comment_status":"closed","ping_status":"closed","template":"elementor_header_footer","meta":{"site-sidebar-layout":"no-sidebar","site-content-layout":"","ast-site-content-layout":"full-width-container","site-content-style":"default","site-sidebar-style":"default","ast-global-header-display":"","ast-banner-title-visibility":"","ast-main-header-display":"","ast-hfb-above-header-display":"","ast-hfb-below-header-display":"","ast-hfb-mobile-header-display":"","site-post-title":"disabled","ast-breadcrumbs-content":"","ast-featured-img":"disabled","footer-sml-layout":"","theme-transparent-header-meta":"default","adv-header-id-meta":"","stick-header-meta":"","header-above-stick-meta":"","header-main-stick-meta":"","header-below-stick-meta":"","astra-migrate-meta-layouts":"set","ast-page-background-enabled":"default","ast-page-background-meta":{"desktop":{"background-color":"var(--ast-global-color-4)","background-image":"","background-repeat":"repeat","background-position":"center center","background-size":"auto","background-attachment":"scroll","background-type":"","background-media":"","overlay-type":"","overlay-color":"","overlay-opacity":"","overlay-gradient":""},"tablet":{"background-color":"","background-image":"","background-repeat":"repeat","background-position":"center center","background-size":"auto","background-attachment":"scroll","background-type":"","background-media":"","overlay-type":"","overlay-color":"","overlay-opacity":"","overlay-gradient":""},"mobile":{"background-color":"","background-image":"","background-repeat":"repeat","background-position":"center center","background-size":"auto","background-attachment":"scroll","background-type":"","background-media":"","overlay-type":"","overlay-color":"","overlay-opacity":"","overlay-gradient":""}},"ast-content-background-meta":{"desktop":{"background-color":"var(--ast-global-color-5)","background-image":"","background-repeat":"repeat","background-position":"center center","background-size":"auto","background-attachment":"scroll","background-type":"","background-media":"","overlay-type":"","overlay-color":"","overlay-opacity":"","overlay-gradient":""},"tablet":{"background-color":"var(--ast-global-color-5)","background-image":"","background-repeat":"repeat","background-position":"center center","background-size":"auto","background-attachment":"scroll","background-type":"","background-media":"","overlay-type":"","overlay-color":"","overlay-opacity":"","overlay-gradient":""},"mobile":{"background-color":"var(--ast-global-color-5)","background-image":"","background-repeat":"repeat","background-position":"center center","background-size":"auto","background-attachment":"scroll","background-type":"","background-media":"","overlay-type":"","overlay-color":"","overlay-opacity":"","overlay-gradient":""}},"footnotes":""},"class_list":["post-1033","page","type-page","status-publish","hentry"],"yoast_head":"<!-- This site is optimized with the Yoast SEO plugin v25.1 - https:\/\/yoast.com\/wordpress\/plugins\/seo\/ -->\n<title>Cheap Flights - vueloalmundo<\/title>\n<meta name=\"robots\" content=\"index, follow, max-snippet:-1, max-image-preview:large, max-video-preview:-1\" \/>\n<link rel=\"canonical\" href=\"https:\/\/www.vueloalmundo.com\/es\/cheap-flights\/\" \/>\n<meta property=\"og:locale\" content=\"es_ES\" \/>\n<meta property=\"og:type\" content=\"article\" \/>\n<meta property=\"og:title\" content=\"Cheap Flights - vueloalmundo\" \/>\n<meta property=\"og:description\" content=\"Cheap Flights A cheap flight is very important to any traveler who desires to travel around the world without necessarily [&hellip;]\" \/>\n<meta property=\"og:url\" content=\"https:\/\/www.vueloalmundo.com\/es\/cheap-flights\/\" \/>\n<meta property=\"og:site_name\" content=\"vueloalmundo\" \/>\n<meta property=\"article:modified_time\" content=\"2024-05-21T09:48:09+00:00\" \/>\n<meta name=\"twitter:card\" content=\"summary_large_image\" \/>\n<meta name=\"twitter:label1\" content=\"Tiempo de lectura\" \/>\n\t<meta name=\"twitter:data1\" content=\"2 minutos\" \/>\n<script type=\"application\/ld+json\" class=\"yoast-schema-graph\">{\"@context\":\"https:\/\/schema.org\",\"@graph\":[{\"@type\":\"WebPage\",\"@id\":\"https:\/\/www.vueloalmundo.com\/cheap-flights\/\",\"url\":\"https:\/\/www.vueloalmundo.com\/cheap-flights\/\",\"name\":\"Cheap Flights - vueloalmundo\",\"isPartOf\":{\"@id\":\"https:\/\/www.vueloalmundo.com\/es\/#website\"},\"datePublished\":\"2024-05-21T09:48:02+00:00\",\"dateModified\":\"2024-05-21T09:48:09+00:00\",\"breadcrumb\":{\"@id\":\"https:\/\/www.vueloalmundo.com\/cheap-flights\/#breadcrumb\"},\"inLanguage\":\"es\",\"potentialAction\":[{\"@type\":\"ReadAction\",\"target\":[\"https:\/\/www.vueloalmundo.com\/cheap-flights\/\"]}]},{\"@type\":\"BreadcrumbList\",\"@id\":\"https:\/\/www.vueloalmundo.com\/cheap-flights\/#breadcrumb\",\"itemListElement\":[{\"@type\":\"ListItem\",\"position\":1,\"name\":\"Home\",\"item\":\"https:\/\/www.vueloalmundo.com\/es\/\"},{\"@type\":\"ListItem\",\"position\":2,\"name\":\"Cheap Flights\"}]},{\"@type\":\"WebSite\",\"@id\":\"https:\/\/www.vueloalmundo.com\/es\/#website\",\"url\":\"https:\/\/www.vueloalmundo.com\/es\/\",\"name\":\"vueloalmundo\",\"description\":\"\",\"potentialAction\":[{\"@type\":\"SearchAction\",\"target\":{\"@type\":\"EntryPoint\",\"urlTemplate\":\"https:\/\/www.vueloalmundo.com\/es\/?s={search_term_string}\"},\"query-input\":{\"@type\":\"PropertyValueSpecification\",\"valueRequired\":true,\"valueName\":\"search_term_string\"}}],\"inLanguage\":\"es\"}]}<\/script>\n<!-- \/ Yoast SEO plugin. -->","yoast_head_json":{"title":"Cheap Flights - vueloalmundo","robots":{"index":"index","follow":"follow","max-snippet":"max-snippet:-1","max-image-preview":"max-image-preview:large","max-video-preview":"max-video-preview:-1"},"canonical":"https:\/\/www.vueloalmundo.com\/es\/cheap-flights\/","og_locale":"es_ES","og_type":"article","og_title":"Cheap Flights - vueloalmundo","og_description":"Cheap Flights A cheap flight is very important to any traveler who desires to travel around the world without necessarily [&hellip;]","og_url":"https:\/\/www.vueloalmundo.com\/es\/cheap-flights\/","og_site_name":"vueloalmundo","article_modified_time":"2024-05-21T09:48:09+00:00","twitter_card":"summary_large_image","twitter_misc":{"Tiempo de lectura":"2 minutos"},"schema":{"@context":"https:\/\/schema.org","@graph":[{"@type":"WebPage","@id":"https:\/\/www.vueloalmundo.com\/cheap-flights\/","url":"https:\/\/www.vueloalmundo.com\/cheap-flights\/","name":"Cheap Flights - vueloalmundo","isPartOf":{"@id":"https:\/\/www.vueloalmundo.com\/es\/#website"},"datePublished":"2024-05-21T09:48:02+00:00","dateModified":"2024-05-21T09:48:09+00:00","breadcrumb":{"@id":"https:\/\/www.vueloalmundo.com\/cheap-flights\/#breadcrumb"},"inLanguage":"es","potentialAction":[{"@type":"ReadAction","target":["https:\/\/www.vueloalmundo.com\/cheap-flights\/"]}]},{"@type":"BreadcrumbList","@id":"https:\/\/www.vueloalmundo.com\/cheap-flights\/#breadcrumb","itemListElement":[{"@type":"ListItem","position":1,"name":"Home","item":"https:\/\/www.vueloalmundo.com\/es\/"},{"@type":"ListItem","position":2,"name":"Cheap Flights"}]},{"@type":"WebSite","@id":"https:\/\/www.vueloalmundo.com\/es\/#website","url":"https:\/\/www.vueloalmundo.com\/es\/","name":"vueloalmundo","description":"","potentialAction":[{"@type":"SearchAction","target":{"@type":"EntryPoint","urlTemplate":"https:\/\/www.vueloalmundo.com\/es\/?s={search_term_string}"},"query-input":{"@type":"PropertyValueSpecification","valueRequired":true,"valueName":"search_term_string"}}],"inLanguage":"es"}]}},"_links":{"self":[{"href":"https:\/\/www.vueloalmundo.com\/es\/wp-json\/wp\/v2\/pages\/1033","targetHints":{"allow":["GET"]}}],"collection":[{"href":"https:\/\/www.vueloalmundo.com\/es\/wp-json\/wp\/v2\/pages"}],"about":[{"href":"https:\/\/www.vueloalmundo.com\/es\/wp-json\/wp\/v2\/types\/page"}],"author":[{"embeddable":true,"href":"https:\/\/www.vueloalmundo.com\/es\/wp-json\/wp\/v2\/users\/1"}],"replies":[{"embeddable":true,"href":"https:\/\/www.vueloalmundo.com\/es\/wp-json\/wp\/v2\/comments?post=1033"}],"version-history":[{"count":5,"href":"https:\/\/www.vueloalmundo.com\/es\/wp-json\/wp\/v2\/pages\/1033\/revisions"}],"predecessor-version":[{"id":1039,"href":"https:\/\/www.vueloalmundo.com\/es\/wp-json\/wp\/v2\/pages\/1033\/revisions\/1039"}],"wp:attachment":[{"href":"https:\/\/www.vueloalmundo.com\/es\/wp-json\/wp\/v2\/media?parent=1033"}],"curies":[{"name":"wp","href":"https:\/\/api.w.org\/{rel}","templated":true}]}}