{"id":1015,"date":"2024-05-21T09:12:51","date_gmt":"2024-05-21T09:12:51","guid":{"rendered":"https:\/\/www.vueloalmundo.com\/?page_id=1015"},"modified":"2024-05-21T09:28:55","modified_gmt":"2024-05-21T09:28:55","slug":"cheap-european-flight","status":"publish","type":"page","link":"https:\/\/www.vueloalmundo.com\/es\/cheap-european-flight\/","title":{"rendered":"Vuelo europeo barato"},"content":{"rendered":"<div data-elementor-type=\"wp-page\" data-elementor-id=\"1015\" class=\"elementor elementor-1015\" data-elementor-post-type=\"page\">\n\t\t\t\t\t\t<section class=\"elementor-section elementor-top-section elementor-element elementor-element-00a009a elementor-section-boxed elementor-section-height-default elementor-section-height-default\" data-id=\"00a009a\" data-element_type=\"section\">\n\t\t\t\t\t\t<div class=\"elementor-container elementor-column-gap-default\">\n\t\t\t\t\t<div class=\"elementor-column elementor-col-100 elementor-top-column elementor-element elementor-element-3688b34\" data-id=\"3688b34\" data-element_type=\"column\">\n\t\t\t<div class=\"elementor-widget-wrap elementor-element-populated\">\n\t\t\t\t\t\t<div class=\"elementor-element elementor-element-cbb24e8 PrivacyPolicy elementor-widget elementor-widget-text-editor\" data-id=\"cbb24e8\" data-element_type=\"widget\" data-widget_type=\"text-editor.default\">\n\t\t\t\t\t\t\t\t\t<h2><span style=\"color: #000000;\"><b>Vuelo europeo barato<\/b><\/span><\/h2>\n<p>Los billetes de avi\u00f3n de bajo coste a Europa tambi\u00e9n pueden hacer posible para muchas personas unas vacaciones de ensue\u00f1o. Hay much\u00edsimos lugares para visitar en Europa, desde las rom\u00e1nticas calles de Roma hasta los hermosos alrededores de los Alpes suizos. Adem\u00e1s, los vuelos baratos te permitir\u00e1n visitar m\u00e1s lugares de Europa con un presupuesto limitado.<\/p>\n<p>El truco para conseguir vuelos baratos a Europa es que hay que ser flexible. Si uno es flexible con las fechas y horarios de viaje, los precios son significativamente bajos. Los vuelos m\u00e1s baratos suelen estar disponibles entre semana y durante la temporada baja. Otro factor importante es reservar con antelaci\u00f3n o aprovechar descuentos de \u00faltima hora para ahorrar a lo grande.<\/p>\n<p>Tambi\u00e9n hay algunas aerol\u00edneas de bajo coste a considerar para vuelos baratos a Europa. Numerosas compa\u00f1\u00edas a\u00e9reas de bajo coste, como Ryanair, EasyJet y Wizz Air, tienen un gran n\u00famero de rutas por toda Europa a precios reducidos. Estas aerol\u00edneas tambi\u00e9n vuelan desde aeropuertos m\u00e1s peque\u00f1os, por lo que si viaja a ellas desde otra ciudad, considere todos los aeropuertos que sirven al destino.<\/p>\n<p>Los sitios web de comparaci\u00f3n de vuelos tambi\u00e9n pueden resultar \u00fatiles para ayudarle a localizar las mejores ofertas. Herramientas como Skyscanner, Kayak y Google Flights ofrecen a los usuarios comparaciones de precios de diferentes aerol\u00edneas y proveedores de reservas. Suscr\u00edbete a alertas de precios para estar al tanto de bajadas de precios y ofertas especiales.<\/p>\n<p>El uso del bolet\u00edn de la aerol\u00ednea y otros programas de fidelizaci\u00f3n tambi\u00e9n pueden ofrecer ahorros. La inscripci\u00f3n en estos programas puede ofrecerle ciertas ofertas y descuentos e incluso puntos de recompensa que se pueden canjear por viajes futuros.<\/p>\n<p>Los vuelos europeos baratos est\u00e1n a su alcance si mantiene la flexibilidad, utiliza aerol\u00edneas econ\u00f3micas y utiliza herramientas de comparaci\u00f3n de vuelos. Con un poco de planificaci\u00f3n e investigaci\u00f3n, podr\u00e1s explorar las maravillas de Europa sin gastar una fortuna en pasajes a\u00e9reos.<\/p>\n\n<p><\/p>\t\t\t\t\t\t\t\t<\/div>\n\t\t\t\t\t<\/div>\n\t\t<\/div>\n\t\t\t\t\t<\/div>\n\t\t<\/section>\n\t\t\t\t<\/div>","protected":false},"excerpt":{"rendered":"<p>Cheap European Flight Low-cost airfares to Europe can also make a dream vacation possible for many people. There are so [&hellip;]<\/p>","protected":false},"author":1,"featured_media":0,"parent":0,"menu_order":0,"comment_status":"closed","ping_status":"closed","template":"elementor_header_footer","meta":{"site-sidebar-layout":"no-sidebar","site-content-layout":"","ast-site-content-layout":"full-width-container","site-content-style":"default","site-sidebar-style":"default","ast-global-header-display":"","ast-banner-title-visibility":"","ast-main-header-display":"","ast-hfb-above-header-display":"","ast-hfb-below-header-display":"","ast-hfb-mobile-header-display":"","site-post-title":"disabled","ast-breadcrumbs-content":"","ast-featured-img":"disabled","footer-sml-layout":"","theme-transparent-header-meta":"default","adv-header-id-meta":"","stick-header-meta":"","header-above-stick-meta":"","header-main-stick-meta":"","header-below-stick-meta":"","astra-migrate-meta-layouts":"set","ast-page-background-enabled":"default","ast-page-background-meta":{"desktop":{"background-color":"var(--ast-global-color-4)","background-image":"","background-repeat":"repeat","background-position":"center center","background-size":"auto","background-attachment":"scroll","background-type":"","background-media":"","overlay-type":"","overlay-color":"","overlay-opacity":"","overlay-gradient":""},"tablet":{"background-color":"","background-image":"","background-repeat":"repeat","background-position":"center center","background-size":"auto","background-attachment":"scroll","background-type":"","background-media":"","overlay-type":"","overlay-color":"","overlay-opacity":"","overlay-gradient":""},"mobile":{"background-color":"","background-image":"","background-repeat":"repeat","background-position":"center center","background-size":"auto","background-attachment":"scroll","background-type":"","background-media":"","overlay-type":"","overlay-color":"","overlay-opacity":"","overlay-gradient":""}},"ast-content-background-meta":{"desktop":{"background-color":"var(--ast-global-color-5)","background-image":"","background-repeat":"repeat","background-position":"center center","background-size":"auto","background-attachment":"scroll","background-type":"","background-media":"","overlay-type":"","overlay-color":"","overlay-opacity":"","overlay-gradient":""},"tablet":{"background-color":"var(--ast-global-color-5)","background-image":"","background-repeat":"repeat","background-position":"center center","background-size":"auto","background-attachment":"scroll","background-type":"","background-media":"","overlay-type":"","overlay-color":"","overlay-opacity":"","overlay-gradient":""},"mobile":{"background-color":"var(--ast-global-color-5)","background-image":"","background-repeat":"repeat","background-position":"center center","background-size":"auto","background-attachment":"scroll","background-type":"","background-media":"","overlay-type":"","overlay-color":"","overlay-opacity":"","overlay-gradient":""}},"footnotes":""},"class_list":["post-1015","page","type-page","status-publish","hentry"],"yoast_head":"<!-- This site is optimized with the Yoast SEO plugin v25.1 - https:\/\/yoast.com\/wordpress\/plugins\/seo\/ -->\n<title>Cheap European Flight - vueloalmundo<\/title>\n<meta name=\"robots\" content=\"index, follow, max-snippet:-1, max-image-preview:large, max-video-preview:-1\" \/>\n<link rel=\"canonical\" href=\"https:\/\/www.vueloalmundo.com\/es\/cheap-european-flight\/\" \/>\n<meta property=\"og:locale\" content=\"es_ES\" \/>\n<meta property=\"og:type\" content=\"article\" \/>\n<meta property=\"og:title\" content=\"Cheap European Flight - vueloalmundo\" \/>\n<meta property=\"og:description\" content=\"Cheap European Flight Low-cost airfares to Europe can also make a dream vacation possible for many people. There are so [&hellip;]\" \/>\n<meta property=\"og:url\" content=\"https:\/\/www.vueloalmundo.com\/es\/cheap-european-flight\/\" \/>\n<meta property=\"og:site_name\" content=\"vueloalmundo\" \/>\n<meta property=\"article:modified_time\" content=\"2024-05-21T09:28:55+00:00\" \/>\n<meta name=\"twitter:card\" content=\"summary_large_image\" \/>\n<meta name=\"twitter:label1\" content=\"Tiempo de lectura\" \/>\n\t<meta name=\"twitter:data1\" content=\"1 minuto\" \/>\n<script type=\"application\/ld+json\" class=\"yoast-schema-graph\">{\"@context\":\"https:\/\/schema.org\",\"@graph\":[{\"@type\":\"WebPage\",\"@id\":\"https:\/\/www.vueloalmundo.com\/cheap-european-flight\/\",\"url\":\"https:\/\/www.vueloalmundo.com\/cheap-european-flight\/\",\"name\":\"Cheap European Flight - vueloalmundo\",\"isPartOf\":{\"@id\":\"https:\/\/www.vueloalmundo.com\/es\/#website\"},\"datePublished\":\"2024-05-21T09:12:51+00:00\",\"dateModified\":\"2024-05-21T09:28:55+00:00\",\"breadcrumb\":{\"@id\":\"https:\/\/www.vueloalmundo.com\/cheap-european-flight\/#breadcrumb\"},\"inLanguage\":\"es\",\"potentialAction\":[{\"@type\":\"ReadAction\",\"target\":[\"https:\/\/www.vueloalmundo.com\/cheap-european-flight\/\"]}]},{\"@type\":\"BreadcrumbList\",\"@id\":\"https:\/\/www.vueloalmundo.com\/cheap-european-flight\/#breadcrumb\",\"itemListElement\":[{\"@type\":\"ListItem\",\"position\":1,\"name\":\"Home\",\"item\":\"https:\/\/www.vueloalmundo.com\/es\/\"},{\"@type\":\"ListItem\",\"position\":2,\"name\":\"Cheap European Flight\"}]},{\"@type\":\"WebSite\",\"@id\":\"https:\/\/www.vueloalmundo.com\/es\/#website\",\"url\":\"https:\/\/www.vueloalmundo.com\/es\/\",\"name\":\"vueloalmundo\",\"description\":\"\",\"potentialAction\":[{\"@type\":\"SearchAction\",\"target\":{\"@type\":\"EntryPoint\",\"urlTemplate\":\"https:\/\/www.vueloalmundo.com\/es\/?s={search_term_string}\"},\"query-input\":{\"@type\":\"PropertyValueSpecification\",\"valueRequired\":true,\"valueName\":\"search_term_string\"}}],\"inLanguage\":\"es\"}]}<\/script>\n<!-- \/ Yoast SEO plugin. -->","yoast_head_json":{"title":"Cheap European Flight - vueloalmundo","robots":{"index":"index","follow":"follow","max-snippet":"max-snippet:-1","max-image-preview":"max-image-preview:large","max-video-preview":"max-video-preview:-1"},"canonical":"https:\/\/www.vueloalmundo.com\/es\/cheap-european-flight\/","og_locale":"es_ES","og_type":"article","og_title":"Cheap European Flight - vueloalmundo","og_description":"Cheap European Flight Low-cost airfares to Europe can also make a dream vacation possible for many people. There are so [&hellip;]","og_url":"https:\/\/www.vueloalmundo.com\/es\/cheap-european-flight\/","og_site_name":"vueloalmundo","article_modified_time":"2024-05-21T09:28:55+00:00","twitter_card":"summary_large_image","twitter_misc":{"Tiempo de lectura":"1 minuto"},"schema":{"@context":"https:\/\/schema.org","@graph":[{"@type":"WebPage","@id":"https:\/\/www.vueloalmundo.com\/cheap-european-flight\/","url":"https:\/\/www.vueloalmundo.com\/cheap-european-flight\/","name":"Cheap European Flight - vueloalmundo","isPartOf":{"@id":"https:\/\/www.vueloalmundo.com\/es\/#website"},"datePublished":"2024-05-21T09:12:51+00:00","dateModified":"2024-05-21T09:28:55+00:00","breadcrumb":{"@id":"https:\/\/www.vueloalmundo.com\/cheap-european-flight\/#breadcrumb"},"inLanguage":"es","potentialAction":[{"@type":"ReadAction","target":["https:\/\/www.vueloalmundo.com\/cheap-european-flight\/"]}]},{"@type":"BreadcrumbList","@id":"https:\/\/www.vueloalmundo.com\/cheap-european-flight\/#breadcrumb","itemListElement":[{"@type":"ListItem","position":1,"name":"Home","item":"https:\/\/www.vueloalmundo.com\/es\/"},{"@type":"ListItem","position":2,"name":"Cheap European Flight"}]},{"@type":"WebSite","@id":"https:\/\/www.vueloalmundo.com\/es\/#website","url":"https:\/\/www.vueloalmundo.com\/es\/","name":"vueloalmundo","description":"","potentialAction":[{"@type":"SearchAction","target":{"@type":"EntryPoint","urlTemplate":"https:\/\/www.vueloalmundo.com\/es\/?s={search_term_string}"},"query-input":{"@type":"PropertyValueSpecification","valueRequired":true,"valueName":"search_term_string"}}],"inLanguage":"es"}]}},"_links":{"self":[{"href":"https:\/\/www.vueloalmundo.com\/es\/wp-json\/wp\/v2\/pages\/1015","targetHints":{"allow":["GET"]}}],"collection":[{"href":"https:\/\/www.vueloalmundo.com\/es\/wp-json\/wp\/v2\/pages"}],"about":[{"href":"https:\/\/www.vueloalmundo.com\/es\/wp-json\/wp\/v2\/types\/page"}],"author":[{"embeddable":true,"href":"https:\/\/www.vueloalmundo.com\/es\/wp-json\/wp\/v2\/users\/1"}],"replies":[{"embeddable":true,"href":"https:\/\/www.vueloalmundo.com\/es\/wp-json\/wp\/v2\/comments?post=1015"}],"version-history":[{"count":7,"href":"https:\/\/www.vueloalmundo.com\/es\/wp-json\/wp\/v2\/pages\/1015\/revisions"}],"predecessor-version":[{"id":1022,"href":"https:\/\/www.vueloalmundo.com\/es\/wp-json\/wp\/v2\/pages\/1015\/revisions\/1022"}],"wp:attachment":[{"href":"https:\/\/www.vueloalmundo.com\/es\/wp-json\/wp\/v2\/media?parent=1015"}],"curies":[{"name":"wp","href":"https:\/\/api.w.org\/{rel}","templated":true}]}}